{"id":805,"date":"2025-11-27T23:02:38","date_gmt":"2025-11-27T22:02:38","guid":{"rendered":"https:\/\/lalka.boutique\/index.php\/product\/liposmose\/"},"modified":"2025-11-27T23:02:38","modified_gmt":"2025-11-27T22:02:38","slug":"liposmose","status":"publish","type":"product","link":"https:\/\/lalka.boutique\/index.php\/product\/liposmose\/","title":{"rendered":"Liposmose"},"content":{"rendered":"","protected":false},"excerpt":{"rendered":"<p>Liposmose to produkt opracowany z my\u015bl\u0105 o okolicy oka z tendencj\u0105 do zastoj\u00f3w limfatycznych i opuchni\u0119\u0107. Usuwa nagromadzon\u0105 wod\u0119 oraz tkank\u0119 t\u0142uszczow\u0105. Niweluje oznaki starzenia si\u0119 sk\u00f3ry.<br \/>\nJego formu\u0142a zawiera sk\u0142adniki aktywne o potr\u00f3jnym dzia\u0142aniu &#8211; drenuj\u0105cym, lipolitycznym i uj\u0119drniaj\u0105cym, kt\u00f3re zmniejszaj\u0105 obrz\u0119ki, rewitalizuj\u0105 oraz wyg\u0142adzaj\u0105. Serum chroni sk\u00f3r\u0119 przed wp\u0142ywem agresywnych czynnik\u00f3w zewn\u0119trznych.<\/p>\n","protected":false},"featured_media":804,"template":"","meta":[],"product_brand":[],"product_cat":[15],"product_tag":[],"class_list":{"0":"post-805","1":"product","2":"type-product","3":"status-publish","4":"has-post-thumbnail","6":"product_cat-uncategorized","8":"first","9":"instock","10":"shipping-taxable","11":"purchasable","12":"product-type-simple"},"_links":{"self":[{"href":"https:\/\/lalka.boutique\/index.php\/wp-json\/wp\/v2\/product\/805","targetHints":{"allow":["GET"]}}],"collection":[{"href":"https:\/\/lalka.boutique\/index.php\/wp-json\/wp\/v2\/product"}],"about":[{"href":"https:\/\/lalka.boutique\/index.php\/wp-json\/wp\/v2\/types\/product"}],"wp:featuredmedia":[{"embeddable":true,"href":"https:\/\/lalka.boutique\/index.php\/wp-json\/wp\/v2\/media\/804"}],"wp:attachment":[{"href":"https:\/\/lalka.boutique\/index.php\/wp-json\/wp\/v2\/media?parent=805"}],"wp:term":[{"taxonomy":"product_brand","embeddable":true,"href":"https:\/\/lalka.boutique\/index.php\/wp-json\/wp\/v2\/product_brand?post=805"},{"taxonomy":"product_cat","embeddable":true,"href":"https:\/\/lalka.boutique\/index.php\/wp-json\/wp\/v2\/product_cat?post=805"},{"taxonomy":"product_tag","embeddable":true,"href":"https:\/\/lalka.boutique\/index.php\/wp-json\/wp\/v2\/product_tag?post=805"}],"curies":[{"name":"wp","href":"https:\/\/api.w.org\/{rel}","templated":true}]}}