{"id":807,"date":"2025-11-27T23:02:42","date_gmt":"2025-11-27T22:02:42","guid":{"rendered":"https:\/\/lalka.boutique\/index.php\/product\/keractive\/"},"modified":"2025-11-27T23:02:42","modified_gmt":"2025-11-27T22:02:42","slug":"keractive","status":"publish","type":"product","link":"https:\/\/lalka.boutique\/index.php\/product\/keractive\/","title":{"rendered":"Keractive"},"content":{"rendered":"","protected":false},"excerpt":{"rendered":"<p>Nawil\u017caj\u0105ca od\u017cywka do w\u0142os\u00f3w o natychmiastowym dzia\u0142aniu, nie wymagaj\u0105ca sp\u0142ukiwania. K\u00e9ractive wyg\u0142adza \u0142uski w\u0142os\u00f3w, zachowuj\u0105c ich integralno\u015b\u0107. Chroni w\u0142osy przed negatywnymi czynnikami zewn\u0119trznymi, u\u0142atwia stylizacj\u0119 i zapobiega puszeniu si\u0119.<\/p>\n","protected":false},"featured_media":806,"template":"","meta":[],"product_brand":[],"product_cat":[15],"product_tag":[],"class_list":{"0":"post-807","1":"product","2":"type-product","3":"status-publish","4":"has-post-thumbnail","6":"product_cat-uncategorized","8":"first","9":"instock","10":"shipping-taxable","11":"purchasable","12":"product-type-simple"},"_links":{"self":[{"href":"https:\/\/lalka.boutique\/index.php\/wp-json\/wp\/v2\/product\/807","targetHints":{"allow":["GET"]}}],"collection":[{"href":"https:\/\/lalka.boutique\/index.php\/wp-json\/wp\/v2\/product"}],"about":[{"href":"https:\/\/lalka.boutique\/index.php\/wp-json\/wp\/v2\/types\/product"}],"wp:featuredmedia":[{"embeddable":true,"href":"https:\/\/lalka.boutique\/index.php\/wp-json\/wp\/v2\/media\/806"}],"wp:attachment":[{"href":"https:\/\/lalka.boutique\/index.php\/wp-json\/wp\/v2\/media?parent=807"}],"wp:term":[{"taxonomy":"product_brand","embeddable":true,"href":"https:\/\/lalka.boutique\/index.php\/wp-json\/wp\/v2\/product_brand?post=807"},{"taxonomy":"product_cat","embeddable":true,"href":"https:\/\/lalka.boutique\/index.php\/wp-json\/wp\/v2\/product_cat?post=807"},{"taxonomy":"product_tag","embeddable":true,"href":"https:\/\/lalka.boutique\/index.php\/wp-json\/wp\/v2\/product_tag?post=807"}],"curies":[{"name":"wp","href":"https:\/\/api.w.org\/{rel}","templated":true}]}}