{"id":809,"date":"2025-11-27T23:02:43","date_gmt":"2025-11-27T22:02:43","guid":{"rendered":"https:\/\/lalka.boutique\/index.php\/product\/lotion-mc-110-n1\/"},"modified":"2025-11-27T23:02:43","modified_gmt":"2025-11-27T22:02:43","slug":"lotion-mc-110-n1","status":"publish","type":"product","link":"https:\/\/lalka.boutique\/index.php\/product\/lotion-mc-110-n1\/","title":{"rendered":"Lotion Mc 110 N\u00b01"},"content":{"rendered":"","protected":false},"excerpt":{"rendered":"<p>Lotion MC110 N\u00b01 to odbudowuj\u0105cy kosmetyk wype\u0142niaj\u0105cy zmarszczki, kt\u00f3ry delikatnie z\u0142uszcza sk\u00f3r\u0119. Nier\u00f3wno\u015bci sk\u00f3rne oraz drobne linie zostaj\u0105 wyg\u0142adzone. Kontury twarzy odzyskuj\u0105 sw\u00f3j pierwotny kszta\u0142t, sk\u00f3ra jest uj\u0119drniona i nawil\u017cona.<\/p>\n","protected":false},"featured_media":808,"template":"","meta":[],"product_brand":[],"product_cat":[15],"product_tag":[],"class_list":{"0":"post-809","1":"product","2":"type-product","3":"status-publish","4":"has-post-thumbnail","6":"product_cat-uncategorized","8":"first","9":"instock","10":"shipping-taxable","11":"purchasable","12":"product-type-simple"},"_links":{"self":[{"href":"https:\/\/lalka.boutique\/index.php\/wp-json\/wp\/v2\/product\/809","targetHints":{"allow":["GET"]}}],"collection":[{"href":"https:\/\/lalka.boutique\/index.php\/wp-json\/wp\/v2\/product"}],"about":[{"href":"https:\/\/lalka.boutique\/index.php\/wp-json\/wp\/v2\/types\/product"}],"wp:featuredmedia":[{"embeddable":true,"href":"https:\/\/lalka.boutique\/index.php\/wp-json\/wp\/v2\/media\/808"}],"wp:attachment":[{"href":"https:\/\/lalka.boutique\/index.php\/wp-json\/wp\/v2\/media?parent=809"}],"wp:term":[{"taxonomy":"product_brand","embeddable":true,"href":"https:\/\/lalka.boutique\/index.php\/wp-json\/wp\/v2\/product_brand?post=809"},{"taxonomy":"product_cat","embeddable":true,"href":"https:\/\/lalka.boutique\/index.php\/wp-json\/wp\/v2\/product_cat?post=809"},{"taxonomy":"product_tag","embeddable":true,"href":"https:\/\/lalka.boutique\/index.php\/wp-json\/wp\/v2\/product_tag?post=809"}],"curies":[{"name":"wp","href":"https:\/\/api.w.org\/{rel}","templated":true}]}}