{"id":811,"date":"2025-11-27T23:02:44","date_gmt":"2025-11-27T22:02:44","guid":{"rendered":"https:\/\/lalka.boutique\/index.php\/product\/lotion-p50\/"},"modified":"2025-11-27T23:02:45","modified_gmt":"2025-11-27T22:02:45","slug":"lotion-p50","status":"publish","type":"product","link":"https:\/\/lalka.boutique\/index.php\/product\/lotion-p50\/","title":{"rendered":"Lotion P50"},"content":{"rendered":"","protected":false},"excerpt":{"rendered":"<p>Lotion P50 to wielofunkcyjny kosmetyk, kt\u00f3ry stanowi podstaw\u0119 piel\u0119gnacji marki Biologique Recherche. Delikatnie z\u0142uszcza, oczyszcza, przywraca prawid\u0142owe pH sk\u00f3rze. Przy codziennym stosowaniu sprawia, \u017ce cera jest matowa i zr\u00f3wnowa\u017cona.<\/p>\n","protected":false},"featured_media":810,"template":"","meta":[],"product_brand":[],"product_cat":[15],"product_tag":[],"class_list":{"0":"post-811","1":"product","2":"type-product","3":"status-publish","4":"has-post-thumbnail","6":"product_cat-uncategorized","8":"first","9":"instock","10":"shipping-taxable","11":"purchasable","12":"product-type-simple"},"_links":{"self":[{"href":"https:\/\/lalka.boutique\/index.php\/wp-json\/wp\/v2\/product\/811","targetHints":{"allow":["GET"]}}],"collection":[{"href":"https:\/\/lalka.boutique\/index.php\/wp-json\/wp\/v2\/product"}],"about":[{"href":"https:\/\/lalka.boutique\/index.php\/wp-json\/wp\/v2\/types\/product"}],"wp:featuredmedia":[{"embeddable":true,"href":"https:\/\/lalka.boutique\/index.php\/wp-json\/wp\/v2\/media\/810"}],"wp:attachment":[{"href":"https:\/\/lalka.boutique\/index.php\/wp-json\/wp\/v2\/media?parent=811"}],"wp:term":[{"taxonomy":"product_brand","embeddable":true,"href":"https:\/\/lalka.boutique\/index.php\/wp-json\/wp\/v2\/product_brand?post=811"},{"taxonomy":"product_cat","embeddable":true,"href":"https:\/\/lalka.boutique\/index.php\/wp-json\/wp\/v2\/product_cat?post=811"},{"taxonomy":"product_tag","embeddable":true,"href":"https:\/\/lalka.boutique\/index.php\/wp-json\/wp\/v2\/product_tag?post=811"}],"curies":[{"name":"wp","href":"https:\/\/api.w.org\/{rel}","templated":true}]}}