{"id":817,"date":"2025-11-27T23:02:52","date_gmt":"2025-11-27T22:02:52","guid":{"rendered":"https:\/\/lalka.boutique\/index.php\/product\/lotion-p50-pigm-400\/"},"modified":"2025-11-27T23:02:53","modified_gmt":"2025-11-27T22:02:53","slug":"lotion-p50-pigm-400","status":"publish","type":"product","link":"https:\/\/lalka.boutique\/index.php\/product\/lotion-p50-pigm-400\/","title":{"rendered":"Lotion P50 Pigm 400"},"content":{"rendered":"","protected":false},"excerpt":{"rendered":"<p>Lotion P50 PIGM 400 to kosmetyk z\u0142uszczaj\u0105cy wzbogacony o sk\u0142adniki rozja\u015bniaj\u0105ce, kt\u00f3ry delikatnie oczyszcza, redukuje istniej\u0105ce przebarwienia i ujednolica koloryt.<\/p>\n","protected":false},"featured_media":816,"template":"","meta":[],"product_brand":[],"product_cat":[15],"product_tag":[],"class_list":{"0":"post-817","1":"product","2":"type-product","3":"status-publish","4":"has-post-thumbnail","6":"product_cat-uncategorized","8":"first","9":"instock","10":"shipping-taxable","11":"purchasable","12":"product-type-simple"},"_links":{"self":[{"href":"https:\/\/lalka.boutique\/index.php\/wp-json\/wp\/v2\/product\/817","targetHints":{"allow":["GET"]}}],"collection":[{"href":"https:\/\/lalka.boutique\/index.php\/wp-json\/wp\/v2\/product"}],"about":[{"href":"https:\/\/lalka.boutique\/index.php\/wp-json\/wp\/v2\/types\/product"}],"wp:featuredmedia":[{"embeddable":true,"href":"https:\/\/lalka.boutique\/index.php\/wp-json\/wp\/v2\/media\/816"}],"wp:attachment":[{"href":"https:\/\/lalka.boutique\/index.php\/wp-json\/wp\/v2\/media?parent=817"}],"wp:term":[{"taxonomy":"product_brand","embeddable":true,"href":"https:\/\/lalka.boutique\/index.php\/wp-json\/wp\/v2\/product_brand?post=817"},{"taxonomy":"product_cat","embeddable":true,"href":"https:\/\/lalka.boutique\/index.php\/wp-json\/wp\/v2\/product_cat?post=817"},{"taxonomy":"product_tag","embeddable":true,"href":"https:\/\/lalka.boutique\/index.php\/wp-json\/wp\/v2\/product_tag?post=817"}],"curies":[{"name":"wp","href":"https:\/\/api.w.org\/{rel}","templated":true}]}}