{"id":819,"date":"2025-11-27T23:02:54","date_gmt":"2025-11-27T22:02:54","guid":{"rendered":"https:\/\/lalka.boutique\/index.php\/product\/lotion-p50v\/"},"modified":"2025-11-27T23:02:54","modified_gmt":"2025-11-27T22:02:54","slug":"lotion-p50v","status":"publish","type":"product","link":"https:\/\/lalka.boutique\/index.php\/product\/lotion-p50v\/","title":{"rendered":"Lotion P50V"},"content":{"rendered":"","protected":false},"excerpt":{"rendered":"<p>Lotion P50V to kosmetyk z\u0142uszczaj\u0105cy, wzbogacony witaminami, kt\u00f3ry delikatnie oczyszcza, uj\u0119drnia, nawil\u017ca i przywraca odpowiednie pH sk\u00f3rze.<\/p>\n","protected":false},"featured_media":818,"template":"","meta":[],"product_brand":[],"product_cat":[15],"product_tag":[],"class_list":{"0":"post-819","1":"product","2":"type-product","3":"status-publish","4":"has-post-thumbnail","6":"product_cat-uncategorized","8":"first","9":"instock","10":"shipping-taxable","11":"purchasable","12":"product-type-simple"},"_links":{"self":[{"href":"https:\/\/lalka.boutique\/index.php\/wp-json\/wp\/v2\/product\/819","targetHints":{"allow":["GET"]}}],"collection":[{"href":"https:\/\/lalka.boutique\/index.php\/wp-json\/wp\/v2\/product"}],"about":[{"href":"https:\/\/lalka.boutique\/index.php\/wp-json\/wp\/v2\/types\/product"}],"wp:featuredmedia":[{"embeddable":true,"href":"https:\/\/lalka.boutique\/index.php\/wp-json\/wp\/v2\/media\/818"}],"wp:attachment":[{"href":"https:\/\/lalka.boutique\/index.php\/wp-json\/wp\/v2\/media?parent=819"}],"wp:term":[{"taxonomy":"product_brand","embeddable":true,"href":"https:\/\/lalka.boutique\/index.php\/wp-json\/wp\/v2\/product_brand?post=819"},{"taxonomy":"product_cat","embeddable":true,"href":"https:\/\/lalka.boutique\/index.php\/wp-json\/wp\/v2\/product_cat?post=819"},{"taxonomy":"product_tag","embeddable":true,"href":"https:\/\/lalka.boutique\/index.php\/wp-json\/wp\/v2\/product_tag?post=819"}],"curies":[{"name":"wp","href":"https:\/\/api.w.org\/{rel}","templated":true}]}}