{"id":821,"date":"2025-11-27T23:02:55","date_gmt":"2025-11-27T22:02:55","guid":{"rendered":"https:\/\/lalka.boutique\/index.php\/product\/lotion-p50w\/"},"modified":"2025-11-27T23:02:55","modified_gmt":"2025-11-27T22:02:55","slug":"lotion-p50w","status":"publish","type":"product","link":"https:\/\/lalka.boutique\/index.php\/product\/lotion-p50w\/","title":{"rendered":"Lotion P50W"},"content":{"rendered":"","protected":false},"excerpt":{"rendered":"<p>Lotion P50W to produkt z\u0142uszczaj\u0105cy, wzbogacony sk\u0142adnikami \u0142agodz\u0105cymi, kt\u00f3ry delikatnie z\u0142uszcza, matuje, nawil\u017ca i przywraca sk\u00f3rze odpowiednie pH.<\/p>\n","protected":false},"featured_media":820,"template":"","meta":[],"product_brand":[],"product_cat":[15],"product_tag":[],"class_list":{"0":"post-821","1":"product","2":"type-product","3":"status-publish","4":"has-post-thumbnail","6":"product_cat-uncategorized","8":"first","9":"instock","10":"shipping-taxable","11":"purchasable","12":"product-type-simple"},"_links":{"self":[{"href":"https:\/\/lalka.boutique\/index.php\/wp-json\/wp\/v2\/product\/821","targetHints":{"allow":["GET"]}}],"collection":[{"href":"https:\/\/lalka.boutique\/index.php\/wp-json\/wp\/v2\/product"}],"about":[{"href":"https:\/\/lalka.boutique\/index.php\/wp-json\/wp\/v2\/types\/product"}],"wp:featuredmedia":[{"embeddable":true,"href":"https:\/\/lalka.boutique\/index.php\/wp-json\/wp\/v2\/media\/820"}],"wp:attachment":[{"href":"https:\/\/lalka.boutique\/index.php\/wp-json\/wp\/v2\/media?parent=821"}],"wp:term":[{"taxonomy":"product_brand","embeddable":true,"href":"https:\/\/lalka.boutique\/index.php\/wp-json\/wp\/v2\/product_brand?post=821"},{"taxonomy":"product_cat","embeddable":true,"href":"https:\/\/lalka.boutique\/index.php\/wp-json\/wp\/v2\/product_cat?post=821"},{"taxonomy":"product_tag","embeddable":true,"href":"https:\/\/lalka.boutique\/index.php\/wp-json\/wp\/v2\/product_tag?post=821"}],"curies":[{"name":"wp","href":"https:\/\/api.w.org\/{rel}","templated":true}]}}