{"id":825,"date":"2025-11-27T23:02:57","date_gmt":"2025-11-27T22:02:57","guid":{"rendered":"https:\/\/lalka.boutique\/index.php\/product\/masque-biofixine\/"},"modified":"2025-11-27T23:02:57","modified_gmt":"2025-11-27T22:02:57","slug":"masque-biofixine","status":"publish","type":"product","link":"https:\/\/lalka.boutique\/index.php\/product\/masque-biofixine\/","title":{"rendered":"Masque Biofixine"},"content":{"rendered":"","protected":false},"excerpt":{"rendered":"<p>Masque Biofixine to sprzymierzeniec w walce ze zmarszczkami. Wyg\u0142adza powierzchni\u0119 sk\u00f3ry, niweluj\u0105c widoczno\u015b\u0107 zmarszczek zar\u00f3wno statycznych (wywo\u0142anych utrat\u0105 j\u0119drno\u015bci sk\u00f3ry), jak i mimicznych (powsta\u0142ych na skutek skurcz\u00f3w mi\u0119\u015bni). Miorelaksuj\u0105cy peptyd to sk\u0142adnik znany z w\u0142a\u015bciwo\u015bci rozlu\u017aniaj\u0105cych mi\u0119\u015bnie. Masque Biofixine zawiera nawil\u017caj\u0105ce i antyoksydacyjne sk\u0142adniki aktywne, tworz\u0105ce na powierzchni nask\u00f3rka ochronny film, przywracaj\u0105cy integralno\u015b\u0107 warstw sk\u00f3ry oraz niweluj\u0105cy drobne linie, powstaj\u0105ce na skutek odwodnienia. Zmarszczki zostaj\u0105 widocznie wype\u0142nione, cera staje si\u0119 g\u0142adka, a twarz nabiera m\u0142odzie\u0144czych rys\u00f3w.<\/p>\n","protected":false},"featured_media":824,"template":"","meta":[],"product_brand":[],"product_cat":[15],"product_tag":[],"class_list":{"0":"post-825","1":"product","2":"type-product","3":"status-publish","4":"has-post-thumbnail","6":"product_cat-uncategorized","8":"first","9":"instock","10":"shipping-taxable","11":"purchasable","12":"product-type-simple"},"_links":{"self":[{"href":"https:\/\/lalka.boutique\/index.php\/wp-json\/wp\/v2\/product\/825","targetHints":{"allow":["GET"]}}],"collection":[{"href":"https:\/\/lalka.boutique\/index.php\/wp-json\/wp\/v2\/product"}],"about":[{"href":"https:\/\/lalka.boutique\/index.php\/wp-json\/wp\/v2\/types\/product"}],"wp:featuredmedia":[{"embeddable":true,"href":"https:\/\/lalka.boutique\/index.php\/wp-json\/wp\/v2\/media\/824"}],"wp:attachment":[{"href":"https:\/\/lalka.boutique\/index.php\/wp-json\/wp\/v2\/media?parent=825"}],"wp:term":[{"taxonomy":"product_brand","embeddable":true,"href":"https:\/\/lalka.boutique\/index.php\/wp-json\/wp\/v2\/product_brand?post=825"},{"taxonomy":"product_cat","embeddable":true,"href":"https:\/\/lalka.boutique\/index.php\/wp-json\/wp\/v2\/product_cat?post=825"},{"taxonomy":"product_tag","embeddable":true,"href":"https:\/\/lalka.boutique\/index.php\/wp-json\/wp\/v2\/product_tag?post=825"}],"curies":[{"name":"wp","href":"https:\/\/api.w.org\/{rel}","templated":true}]}}