{"id":827,"date":"2025-11-27T23:02:59","date_gmt":"2025-11-27T22:02:59","guid":{"rendered":"https:\/\/lalka.boutique\/index.php\/product\/masque-biosensible\/"},"modified":"2025-11-27T23:02:59","modified_gmt":"2025-11-27T22:02:59","slug":"masque-biosensible","status":"publish","type":"product","link":"https:\/\/lalka.boutique\/index.php\/product\/masque-biosensible\/","title":{"rendered":"Masque Biosensible"},"content":{"rendered":"","protected":false},"excerpt":{"rendered":"<p>Masque Biosensible znacznie zmniejsza wra\u017cliwo\u015b\u0107 sk\u00f3ry oraz przynosi natychmiastow\u0105 ulg\u0119 i komfort. Jej koj\u0105ce i ochronne sk\u0142adniki aktywne \u0142agodz\u0105 podra\u017cnienia \u00a0oraz pomagaj\u0105 wzmocni\u0107 naturaln\u0105 barier\u0119 ochronn\u0105. Maska redukuje uczucie napi\u0119cia, rozgrzania, a tak\u017ce szczypania. Sk\u00f3ra staje si\u0119 nawil\u017cona, ukojona, mniej wra\u017cliwa na uszkodzenia spowodowane przez czynniki \u015brodowiskowe.<\/p>\n","protected":false},"featured_media":826,"template":"","meta":[],"product_brand":[],"product_cat":[15],"product_tag":[],"class_list":{"0":"post-827","1":"product","2":"type-product","3":"status-publish","4":"has-post-thumbnail","6":"product_cat-uncategorized","8":"first","9":"instock","10":"shipping-taxable","11":"purchasable","12":"product-type-simple"},"_links":{"self":[{"href":"https:\/\/lalka.boutique\/index.php\/wp-json\/wp\/v2\/product\/827","targetHints":{"allow":["GET"]}}],"collection":[{"href":"https:\/\/lalka.boutique\/index.php\/wp-json\/wp\/v2\/product"}],"about":[{"href":"https:\/\/lalka.boutique\/index.php\/wp-json\/wp\/v2\/types\/product"}],"wp:featuredmedia":[{"embeddable":true,"href":"https:\/\/lalka.boutique\/index.php\/wp-json\/wp\/v2\/media\/826"}],"wp:attachment":[{"href":"https:\/\/lalka.boutique\/index.php\/wp-json\/wp\/v2\/media?parent=827"}],"wp:term":[{"taxonomy":"product_brand","embeddable":true,"href":"https:\/\/lalka.boutique\/index.php\/wp-json\/wp\/v2\/product_brand?post=827"},{"taxonomy":"product_cat","embeddable":true,"href":"https:\/\/lalka.boutique\/index.php\/wp-json\/wp\/v2\/product_cat?post=827"},{"taxonomy":"product_tag","embeddable":true,"href":"https:\/\/lalka.boutique\/index.php\/wp-json\/wp\/v2\/product_tag?post=827"}],"curies":[{"name":"wp","href":"https:\/\/api.w.org\/{rel}","templated":true}]}}