{"id":829,"date":"2025-11-27T23:03:00","date_gmt":"2025-11-27T22:03:00","guid":{"rendered":"https:\/\/lalka.boutique\/index.php\/product\/masque-caviar-vert\/"},"modified":"2025-11-27T23:03:00","modified_gmt":"2025-11-27T22:03:00","slug":"masque-caviar-vert","status":"publish","type":"product","link":"https:\/\/lalka.boutique\/index.php\/product\/masque-caviar-vert\/","title":{"rendered":"Masque Caviar Vert"},"content":{"rendered":"","protected":false},"excerpt":{"rendered":"<p>Masque Caviar Vert to maska przeciwzmarszczkowa, kt\u00f3ra daje natychmiastowy efekt napi\u0119cia sk\u00f3ry, wype\u0142niaj\u0105c zmarszczki i drobne linie. Formu\u0142a oparta na zielonym kawiorze i fragmentach kolagenu uj\u0119drnia sk\u00f3r\u0119, poprawiaj\u0105c w ten spos\u00f3b jej struktur\u0119. \u00a0Zmarszczki s\u0105 wyra\u017anie wyg\u0142adzone, a rysy twarzy napi\u0119te. Biocelulozowy p\u0142at idealnie przylega do nask\u00f3rka, zapewniaj\u0105c efekt &#8222;drugiej sk\u00f3ry&#8221;. Maska bogata jest w przeciwzmarszczkowe i napinaj\u0105ce sk\u0142adniki aktywne, zapewniaj\u0105c natychmiastowy efekt wyg\u0142adzenia sk\u00f3ry.<\/p>\n","protected":false},"featured_media":828,"template":"","meta":[],"product_brand":[],"product_cat":[15],"product_tag":[],"class_list":{"0":"post-829","1":"product","2":"type-product","3":"status-publish","4":"has-post-thumbnail","6":"product_cat-uncategorized","8":"first","9":"instock","10":"shipping-taxable","11":"purchasable","12":"product-type-simple"},"_links":{"self":[{"href":"https:\/\/lalka.boutique\/index.php\/wp-json\/wp\/v2\/product\/829","targetHints":{"allow":["GET"]}}],"collection":[{"href":"https:\/\/lalka.boutique\/index.php\/wp-json\/wp\/v2\/product"}],"about":[{"href":"https:\/\/lalka.boutique\/index.php\/wp-json\/wp\/v2\/types\/product"}],"wp:featuredmedia":[{"embeddable":true,"href":"https:\/\/lalka.boutique\/index.php\/wp-json\/wp\/v2\/media\/828"}],"wp:attachment":[{"href":"https:\/\/lalka.boutique\/index.php\/wp-json\/wp\/v2\/media?parent=829"}],"wp:term":[{"taxonomy":"product_brand","embeddable":true,"href":"https:\/\/lalka.boutique\/index.php\/wp-json\/wp\/v2\/product_brand?post=829"},{"taxonomy":"product_cat","embeddable":true,"href":"https:\/\/lalka.boutique\/index.php\/wp-json\/wp\/v2\/product_cat?post=829"},{"taxonomy":"product_tag","embeddable":true,"href":"https:\/\/lalka.boutique\/index.php\/wp-json\/wp\/v2\/product_tag?post=829"}],"curies":[{"name":"wp","href":"https:\/\/api.w.org\/{rel}","templated":true}]}}