{"id":831,"date":"2025-11-27T23:03:01","date_gmt":"2025-11-27T22:03:01","guid":{"rendered":"https:\/\/lalka.boutique\/index.php\/product\/masque-gommage-mains\/"},"modified":"2025-11-27T23:03:01","modified_gmt":"2025-11-27T22:03:01","slug":"masque-gommage-mains","status":"publish","type":"product","link":"https:\/\/lalka.boutique\/index.php\/product\/masque-gommage-mains\/","title":{"rendered":"Masque Gommage Mains"},"content":{"rendered":"","protected":false},"excerpt":{"rendered":"<p>Masque Gommage Mains to innowacyjny produkt \u0142\u0105cz\u0105cy zalety maski oraz peelingu. Z\u0142uszcza, stymuluje odnow\u0119 kom\u00f3rkow\u0105, a tak\u017ce nawil\u017ca i ujednolica koloryt d\u0142oni. Wzmacnia paznokcie, stymuluje ich wzrost oraz zmi\u0119kcza sk\u00f3rki.<\/p>\n","protected":false},"featured_media":830,"template":"","meta":[],"product_brand":[],"product_cat":[15],"product_tag":[],"class_list":{"0":"post-831","1":"product","2":"type-product","3":"status-publish","4":"has-post-thumbnail","6":"product_cat-uncategorized","8":"first","9":"instock","10":"shipping-taxable","11":"purchasable","12":"product-type-simple"},"_links":{"self":[{"href":"https:\/\/lalka.boutique\/index.php\/wp-json\/wp\/v2\/product\/831","targetHints":{"allow":["GET"]}}],"collection":[{"href":"https:\/\/lalka.boutique\/index.php\/wp-json\/wp\/v2\/product"}],"about":[{"href":"https:\/\/lalka.boutique\/index.php\/wp-json\/wp\/v2\/types\/product"}],"wp:featuredmedia":[{"embeddable":true,"href":"https:\/\/lalka.boutique\/index.php\/wp-json\/wp\/v2\/media\/830"}],"wp:attachment":[{"href":"https:\/\/lalka.boutique\/index.php\/wp-json\/wp\/v2\/media?parent=831"}],"wp:term":[{"taxonomy":"product_brand","embeddable":true,"href":"https:\/\/lalka.boutique\/index.php\/wp-json\/wp\/v2\/product_brand?post=831"},{"taxonomy":"product_cat","embeddable":true,"href":"https:\/\/lalka.boutique\/index.php\/wp-json\/wp\/v2\/product_cat?post=831"},{"taxonomy":"product_tag","embeddable":true,"href":"https:\/\/lalka.boutique\/index.php\/wp-json\/wp\/v2\/product_tag?post=831"}],"curies":[{"name":"wp","href":"https:\/\/api.w.org\/{rel}","templated":true}]}}