{"id":833,"date":"2025-11-27T23:03:02","date_gmt":"2025-11-27T22:03:02","guid":{"rendered":"https:\/\/lalka.boutique\/index.php\/product\/masque-pigm-400\/"},"modified":"2025-11-27T23:03:02","modified_gmt":"2025-11-27T22:03:02","slug":"masque-pigm-400","status":"publish","type":"product","link":"https:\/\/lalka.boutique\/index.php\/product\/masque-pigm-400\/","title":{"rendered":"Masque Pigm 400"},"content":{"rendered":"","protected":false},"excerpt":{"rendered":"<p>Formu\u0142a Masque PIGM 400 zawiera rozja\u015bniaj\u0105ce i antyoksydacyjne sk\u0142adniki aktywne, kt\u00f3re nadaj\u0105 sk\u00f3rze wyj\u0105tkowy blask. Kosmetyk powsta\u0142 z innowacyjnego, w 100% biodegradowalnego i naturalnego materia\u0142u &#8211; Lyocell. Delikatniejszy ni\u017c jedwab, ch\u0142odniejszy ni\u017c len, umo\u017cliwia zastosowanie wi\u0119kszego st\u0119\u017cenia sk\u0142adnik\u00f3w aktywnych oraz optymalnej ich dyfuzji podczas aplikacji. Maska daje natychmiastowy efekt roz\u015bwietlenia sk\u00f3ry i ujednolicenia kolorytu.<\/p>\n","protected":false},"featured_media":832,"template":"","meta":[],"product_brand":[],"product_cat":[15],"product_tag":[],"class_list":{"0":"post-833","1":"product","2":"type-product","3":"status-publish","4":"has-post-thumbnail","6":"product_cat-uncategorized","8":"first","9":"instock","10":"shipping-taxable","11":"purchasable","12":"product-type-simple"},"_links":{"self":[{"href":"https:\/\/lalka.boutique\/index.php\/wp-json\/wp\/v2\/product\/833","targetHints":{"allow":["GET"]}}],"collection":[{"href":"https:\/\/lalka.boutique\/index.php\/wp-json\/wp\/v2\/product"}],"about":[{"href":"https:\/\/lalka.boutique\/index.php\/wp-json\/wp\/v2\/types\/product"}],"wp:featuredmedia":[{"embeddable":true,"href":"https:\/\/lalka.boutique\/index.php\/wp-json\/wp\/v2\/media\/832"}],"wp:attachment":[{"href":"https:\/\/lalka.boutique\/index.php\/wp-json\/wp\/v2\/media?parent=833"}],"wp:term":[{"taxonomy":"product_brand","embeddable":true,"href":"https:\/\/lalka.boutique\/index.php\/wp-json\/wp\/v2\/product_brand?post=833"},{"taxonomy":"product_cat","embeddable":true,"href":"https:\/\/lalka.boutique\/index.php\/wp-json\/wp\/v2\/product_cat?post=833"},{"taxonomy":"product_tag","embeddable":true,"href":"https:\/\/lalka.boutique\/index.php\/wp-json\/wp\/v2\/product_tag?post=833"}],"curies":[{"name":"wp","href":"https:\/\/api.w.org\/{rel}","templated":true}]}}