{"id":837,"date":"2025-11-27T23:03:04","date_gmt":"2025-11-27T22:03:04","guid":{"rendered":"https:\/\/lalka.boutique\/index.php\/product\/masque-visolastine\/"},"modified":"2025-11-27T23:03:04","modified_gmt":"2025-11-27T22:03:04","slug":"masque-visolastine","status":"publish","type":"product","link":"https:\/\/lalka.boutique\/index.php\/product\/masque-visolastine\/","title":{"rendered":"Masque Visolastine +"},"content":{"rendered":"","protected":false},"excerpt":{"rendered":"<p>Masque Visolastine + zwi\u0119ksza nawodnienie sk\u00f3ry poprzez dostarczanie wody do zewn\u0119trznych warstw nask\u00f3rka i jej zatrzymywanie. Daje efekt natychmiastowego, a zarazem d\u0142ugotrwa\u0142ego nawil\u017cenia. Sprawia, \u017ce sk\u00f3ra jest g\u0142adka i mi\u0119kka. Maska przywraca uczucie komfortu na ca\u0142y dzie\u0144.<\/p>\n","protected":false},"featured_media":836,"template":"","meta":[],"product_brand":[],"product_cat":[15],"product_tag":[],"class_list":{"0":"post-837","1":"product","2":"type-product","3":"status-publish","4":"has-post-thumbnail","6":"product_cat-uncategorized","8":"first","9":"instock","10":"shipping-taxable","11":"purchasable","12":"product-type-simple"},"_links":{"self":[{"href":"https:\/\/lalka.boutique\/index.php\/wp-json\/wp\/v2\/product\/837","targetHints":{"allow":["GET"]}}],"collection":[{"href":"https:\/\/lalka.boutique\/index.php\/wp-json\/wp\/v2\/product"}],"about":[{"href":"https:\/\/lalka.boutique\/index.php\/wp-json\/wp\/v2\/types\/product"}],"wp:featuredmedia":[{"embeddable":true,"href":"https:\/\/lalka.boutique\/index.php\/wp-json\/wp\/v2\/media\/836"}],"wp:attachment":[{"href":"https:\/\/lalka.boutique\/index.php\/wp-json\/wp\/v2\/media?parent=837"}],"wp:term":[{"taxonomy":"product_brand","embeddable":true,"href":"https:\/\/lalka.boutique\/index.php\/wp-json\/wp\/v2\/product_brand?post=837"},{"taxonomy":"product_cat","embeddable":true,"href":"https:\/\/lalka.boutique\/index.php\/wp-json\/wp\/v2\/product_cat?post=837"},{"taxonomy":"product_tag","embeddable":true,"href":"https:\/\/lalka.boutique\/index.php\/wp-json\/wp\/v2\/product_tag?post=837"}],"curies":[{"name":"wp","href":"https:\/\/api.w.org\/{rel}","templated":true}]}}