{"id":839,"date":"2025-11-27T23:03:05","date_gmt":"2025-11-27T22:03:05","guid":{"rendered":"https:\/\/lalka.boutique\/index.php\/product\/masque-vivant\/"},"modified":"2025-11-27T23:03:05","modified_gmt":"2025-11-27T22:03:05","slug":"masque-vivant","status":"publish","type":"product","link":"https:\/\/lalka.boutique\/index.php\/product\/masque-vivant\/","title":{"rendered":"Masque Vivant"},"content":{"rendered":"","protected":false},"excerpt":{"rendered":"<p>Masque Vivant doskonale przywraca r\u00f3wnowag\u0119 sk\u00f3rze sk\u0142onnej do przet\u0142uszczania i tr\u0105dziku. Dzi\u0119ki wysokiemu st\u0119\u017ceniu sk\u0142adnik\u00f3w aktywnych o dzia\u0142aniu oczyszczaj\u0105cym, reguluje proces wydzielania sebum, a tak\u017ce redukuje stany zapalne, pozostawiaj\u0105c cer\u0119 od\u015bwie\u017con\u0105 oraz matow\u0105.<\/p>\n","protected":false},"featured_media":838,"template":"","meta":[],"product_brand":[],"product_cat":[15],"product_tag":[],"class_list":{"0":"post-839","1":"product","2":"type-product","3":"status-publish","4":"has-post-thumbnail","6":"product_cat-uncategorized","8":"first","9":"instock","10":"shipping-taxable","11":"purchasable","12":"product-type-simple"},"_links":{"self":[{"href":"https:\/\/lalka.boutique\/index.php\/wp-json\/wp\/v2\/product\/839","targetHints":{"allow":["GET"]}}],"collection":[{"href":"https:\/\/lalka.boutique\/index.php\/wp-json\/wp\/v2\/product"}],"about":[{"href":"https:\/\/lalka.boutique\/index.php\/wp-json\/wp\/v2\/types\/product"}],"wp:featuredmedia":[{"embeddable":true,"href":"https:\/\/lalka.boutique\/index.php\/wp-json\/wp\/v2\/media\/838"}],"wp:attachment":[{"href":"https:\/\/lalka.boutique\/index.php\/wp-json\/wp\/v2\/media?parent=839"}],"wp:term":[{"taxonomy":"product_brand","embeddable":true,"href":"https:\/\/lalka.boutique\/index.php\/wp-json\/wp\/v2\/product_brand?post=839"},{"taxonomy":"product_cat","embeddable":true,"href":"https:\/\/lalka.boutique\/index.php\/wp-json\/wp\/v2\/product_cat?post=839"},{"taxonomy":"product_tag","embeddable":true,"href":"https:\/\/lalka.boutique\/index.php\/wp-json\/wp\/v2\/product_tag?post=839"}],"curies":[{"name":"wp","href":"https:\/\/api.w.org\/{rel}","templated":true}]}}