{"id":841,"date":"2025-11-27T23:03:06","date_gmt":"2025-11-27T22:03:06","guid":{"rendered":"https:\/\/lalka.boutique\/index.php\/product\/oligo-proteines-marines\/"},"modified":"2025-11-27T23:03:06","modified_gmt":"2025-11-27T22:03:06","slug":"oligo-proteines-marines","status":"publish","type":"product","link":"https:\/\/lalka.boutique\/index.php\/product\/oligo-proteines-marines\/","title":{"rendered":"Oligo-proteines Marines"},"content":{"rendered":"","protected":false},"excerpt":{"rendered":"<p>Stworzone z my\u015bl\u0105 o delikatnych obszarach okolicy oka, serum redukuje cienie zar\u00f3wno naczyniowe, jak i pigmentacyjne. Produkt zawiera kompleks g\u0142ogu i ja\u015bminu, kt\u00f3ry z jednej strony zmniejsza ilo\u015b\u0107 melaniny w nask\u00f3rku, a z drugiej zmniejsza przepuszczalno\u015b\u0107 naczy\u0144. Wyr\u00f3wnuje koloryt, zapewnia efekt rozja\u015bnienia i niweluje siny odcie\u0144 sk\u00f3ry. Kompleks oligoprotein morskich pobudza fibroblasty do produkcji kolagenu i elastyny.<br \/>\nDzi\u0119ki temu wykazuje dzia\u0142anie antyoksydacyjne i rewitalizuj\u0105ce, roz\u015bwietlaj\u0105c okolice oczu. Serum redukuje poszarza\u0142y koloryt cieni pod oczami, zapewniaj\u0105c prawdziwy, d\u0142ugotrwa\u0142y efekt wypocz\u0119tego spojrzenia. Sk\u00f3ra jest zrewitalizowana, zenergetyzowana, cienie zredukowane, a oczy wydaj\u0105 si\u0119 bardziej wypocz\u0119te i roz\u015bwietlone.<\/p>\n","protected":false},"featured_media":840,"template":"","meta":[],"product_brand":[],"product_cat":[15],"product_tag":[],"class_list":{"0":"post-841","1":"product","2":"type-product","3":"status-publish","4":"has-post-thumbnail","6":"product_cat-uncategorized","8":"first","9":"instock","10":"shipping-taxable","11":"purchasable","12":"product-type-simple"},"_links":{"self":[{"href":"https:\/\/lalka.boutique\/index.php\/wp-json\/wp\/v2\/product\/841","targetHints":{"allow":["GET"]}}],"collection":[{"href":"https:\/\/lalka.boutique\/index.php\/wp-json\/wp\/v2\/product"}],"about":[{"href":"https:\/\/lalka.boutique\/index.php\/wp-json\/wp\/v2\/types\/product"}],"wp:featuredmedia":[{"embeddable":true,"href":"https:\/\/lalka.boutique\/index.php\/wp-json\/wp\/v2\/media\/840"}],"wp:attachment":[{"href":"https:\/\/lalka.boutique\/index.php\/wp-json\/wp\/v2\/media?parent=841"}],"wp:term":[{"taxonomy":"product_brand","embeddable":true,"href":"https:\/\/lalka.boutique\/index.php\/wp-json\/wp\/v2\/product_brand?post=841"},{"taxonomy":"product_cat","embeddable":true,"href":"https:\/\/lalka.boutique\/index.php\/wp-json\/wp\/v2\/product_cat?post=841"},{"taxonomy":"product_tag","embeddable":true,"href":"https:\/\/lalka.boutique\/index.php\/wp-json\/wp\/v2\/product_tag?post=841"}],"curies":[{"name":"wp","href":"https:\/\/api.w.org\/{rel}","templated":true}]}}