{"id":843,"date":"2025-11-27T23:03:07","date_gmt":"2025-11-27T22:03:07","guid":{"rendered":"https:\/\/lalka.boutique\/index.php\/product\/patchs-defatigants-1-szt\/"},"modified":"2025-11-27T23:03:07","modified_gmt":"2025-11-27T22:03:07","slug":"patchs-defatigants-1-szt","status":"publish","type":"product","link":"https:\/\/lalka.boutique\/index.php\/product\/patchs-defatigants-1-szt\/","title":{"rendered":"Patchs Defatigants 1 Szt"},"content":{"rendered":"","protected":false},"excerpt":{"rendered":"<p>Patchs D\u00e9fatigants to p\u0142atki na okolice oczu zawieraj\u0105ce sk\u0142adniki redukuj\u0105ce cienie i opuchni\u0119cia oraz wyg\u0142adzaj\u0105ce zmarszczki. Ich kszta\u0142t oraz materia\u0142, z kt\u00f3rego zosta\u0142y wykonane (bioceluloza) sprawiaj\u0105, \u017ce idealnie dopasowuj\u0105 si\u0119 do kontur\u00f3w oka i doskonale przylegaj\u0105. Widocznie zmniejszaj\u0105 obrz\u0119ki oraz wyg\u0142adzaj\u0105 zmarszczki. Sk\u00f3ra wygl\u0105da na wypocz\u0119t\u0105, a spojrzenie odzyskuje blask. Polecane dla sk\u00f3r z problemem opuchni\u0119\u0107 okolic oczu.<\/p>\n","protected":false},"featured_media":842,"template":"","meta":[],"product_brand":[],"product_cat":[15],"product_tag":[],"class_list":{"0":"post-843","1":"product","2":"type-product","3":"status-publish","4":"has-post-thumbnail","6":"product_cat-uncategorized","8":"first","9":"instock","10":"shipping-taxable","11":"purchasable","12":"product-type-simple"},"_links":{"self":[{"href":"https:\/\/lalka.boutique\/index.php\/wp-json\/wp\/v2\/product\/843","targetHints":{"allow":["GET"]}}],"collection":[{"href":"https:\/\/lalka.boutique\/index.php\/wp-json\/wp\/v2\/product"}],"about":[{"href":"https:\/\/lalka.boutique\/index.php\/wp-json\/wp\/v2\/types\/product"}],"wp:featuredmedia":[{"embeddable":true,"href":"https:\/\/lalka.boutique\/index.php\/wp-json\/wp\/v2\/media\/842"}],"wp:attachment":[{"href":"https:\/\/lalka.boutique\/index.php\/wp-json\/wp\/v2\/media?parent=843"}],"wp:term":[{"taxonomy":"product_brand","embeddable":true,"href":"https:\/\/lalka.boutique\/index.php\/wp-json\/wp\/v2\/product_brand?post=843"},{"taxonomy":"product_cat","embeddable":true,"href":"https:\/\/lalka.boutique\/index.php\/wp-json\/wp\/v2\/product_cat?post=843"},{"taxonomy":"product_tag","embeddable":true,"href":"https:\/\/lalka.boutique\/index.php\/wp-json\/wp\/v2\/product_tag?post=843"}],"curies":[{"name":"wp","href":"https:\/\/api.w.org\/{rel}","templated":true}]}}