{"id":845,"date":"2025-11-27T23:03:08","date_gmt":"2025-11-27T22:03:08","guid":{"rendered":"https:\/\/lalka.boutique\/index.php\/product\/platysma\/"},"modified":"2025-11-27T23:03:08","modified_gmt":"2025-11-27T22:03:08","slug":"platysma","status":"publish","type":"product","link":"https:\/\/lalka.boutique\/index.php\/product\/platysma\/","title":{"rendered":"Platysma"},"content":{"rendered":"","protected":false},"excerpt":{"rendered":"<p>Platysma \u0142\u0105czy zalety maski antygrawitacyjnej i hamuj\u0105cej obwisanie owalu, dzi\u0119ki unikalnemu kszta\u0142towi oraz elastyczno\u015bci materia\u0142u dopasowuj\u0105cego si\u0119 do kontur\u00f3w twarzy. Mechaniczne uniesienie sk\u00f3ry w po\u0142\u0105czeniu z uj\u0119drniaj\u0105cymi sk\u0142adnikami aktywnymi zapewniaj\u0105 efekt napi\u0119cia i liftingu.<br \/>\nKontury twarzy s\u0105 wymodelowane, a \u00a0linia \u017cuchwy podkre\u015blona.<\/p>\n","protected":false},"featured_media":844,"template":"","meta":[],"product_brand":[],"product_cat":[15],"product_tag":[],"class_list":{"0":"post-845","1":"product","2":"type-product","3":"status-publish","4":"has-post-thumbnail","6":"product_cat-uncategorized","8":"first","9":"instock","10":"shipping-taxable","11":"purchasable","12":"product-type-simple"},"_links":{"self":[{"href":"https:\/\/lalka.boutique\/index.php\/wp-json\/wp\/v2\/product\/845","targetHints":{"allow":["GET"]}}],"collection":[{"href":"https:\/\/lalka.boutique\/index.php\/wp-json\/wp\/v2\/product"}],"about":[{"href":"https:\/\/lalka.boutique\/index.php\/wp-json\/wp\/v2\/types\/product"}],"wp:featuredmedia":[{"embeddable":true,"href":"https:\/\/lalka.boutique\/index.php\/wp-json\/wp\/v2\/media\/844"}],"wp:attachment":[{"href":"https:\/\/lalka.boutique\/index.php\/wp-json\/wp\/v2\/media?parent=845"}],"wp:term":[{"taxonomy":"product_brand","embeddable":true,"href":"https:\/\/lalka.boutique\/index.php\/wp-json\/wp\/v2\/product_brand?post=845"},{"taxonomy":"product_cat","embeddable":true,"href":"https:\/\/lalka.boutique\/index.php\/wp-json\/wp\/v2\/product_cat?post=845"},{"taxonomy":"product_tag","embeddable":true,"href":"https:\/\/lalka.boutique\/index.php\/wp-json\/wp\/v2\/product_tag?post=845"}],"curies":[{"name":"wp","href":"https:\/\/api.w.org\/{rel}","templated":true}]}}