{"id":849,"date":"2025-11-27T23:03:12","date_gmt":"2025-11-27T22:03:12","guid":{"rendered":"https:\/\/lalka.boutique\/index.php\/product\/progeskin\/"},"modified":"2025-11-27T23:03:13","modified_gmt":"2025-11-27T22:03:13","slug":"progeskin","status":"publish","type":"product","link":"https:\/\/lalka.boutique\/index.php\/product\/progeskin\/","title":{"rendered":"Progeskin"},"content":{"rendered":"","protected":false},"excerpt":{"rendered":"<p>Progeskin przeciwdzia\u0142a widocznym oznakom starzenia si\u0119 sk\u00f3ry. Jego formu\u0142a o podw\u00f3jnym dzia\u0142aniu skupiona jest wok\u00f3\u0142 dw\u00f3ch bia\u0142ek zaanga\u017cowanych w to zjawisko: progeryny, wska\u017anika starzenia si\u0119 kom\u00f3rek i bia\u0142ka Klotho, markera d\u0142ugowieczno\u015bci tkanek. Po jego zastosowaniu sk\u00f3ra staje si\u0119 j\u0119drna, napi\u0119ta i elastyczna. Rysy twarzy s\u0105 wyg\u0142adzone, a zmarszczki i drobne linie wyra\u017anie zredukowane. Cera wygl\u0105da na m\u0142odsz\u0105 i wypocz\u0119t\u0105.<\/p>\n","protected":false},"featured_media":848,"template":"","meta":[],"product_brand":[],"product_cat":[15],"product_tag":[],"class_list":{"0":"post-849","1":"product","2":"type-product","3":"status-publish","4":"has-post-thumbnail","6":"product_cat-uncategorized","8":"first","9":"instock","10":"shipping-taxable","11":"purchasable","12":"product-type-simple"},"_links":{"self":[{"href":"https:\/\/lalka.boutique\/index.php\/wp-json\/wp\/v2\/product\/849","targetHints":{"allow":["GET"]}}],"collection":[{"href":"https:\/\/lalka.boutique\/index.php\/wp-json\/wp\/v2\/product"}],"about":[{"href":"https:\/\/lalka.boutique\/index.php\/wp-json\/wp\/v2\/types\/product"}],"wp:featuredmedia":[{"embeddable":true,"href":"https:\/\/lalka.boutique\/index.php\/wp-json\/wp\/v2\/media\/848"}],"wp:attachment":[{"href":"https:\/\/lalka.boutique\/index.php\/wp-json\/wp\/v2\/media?parent=849"}],"wp:term":[{"taxonomy":"product_brand","embeddable":true,"href":"https:\/\/lalka.boutique\/index.php\/wp-json\/wp\/v2\/product_brand?post=849"},{"taxonomy":"product_cat","embeddable":true,"href":"https:\/\/lalka.boutique\/index.php\/wp-json\/wp\/v2\/product_cat?post=849"},{"taxonomy":"product_tag","embeddable":true,"href":"https:\/\/lalka.boutique\/index.php\/wp-json\/wp\/v2\/product_tag?post=849"}],"curies":[{"name":"wp","href":"https:\/\/api.w.org\/{rel}","templated":true}]}}