{"id":851,"date":"2025-11-27T23:03:13","date_gmt":"2025-11-27T22:03:13","guid":{"rendered":"https:\/\/lalka.boutique\/index.php\/product\/protection-u-v-spf-25\/"},"modified":"2025-11-27T23:03:13","modified_gmt":"2025-11-27T22:03:13","slug":"protection-u-v-spf-25","status":"publish","type":"product","link":"https:\/\/lalka.boutique\/index.php\/product\/protection-u-v-spf-25\/","title":{"rendered":"Protection U.v. Spf 25"},"content":{"rendered":"","protected":false},"excerpt":{"rendered":"<p>Protection U.V. SPF 25 zawiera w 100% naturalny kompleks filtr\u00f3w, kt\u00f3re pomagaj\u0105 chroni\u0107 sk\u00f3r\u0119 przed szkodliwym dzia\u0142aniem promieni UVA, UVB i podczerwieni. Jego formu\u0142a bogata w sk\u0142adniki aktywne przeciwdzia\u0142aj\u0105ce starzeniu, koj\u0105ce i nawil\u017caj\u0105ce, pomaga r\u00f3wnie\u017c chroni\u0107 sk\u00f3r\u0119 przed fotostarzeniem. Wodoodporny. Fotostabilny. Testowany dermatologicznie.<\/p>\n","protected":false},"featured_media":850,"template":"","meta":[],"product_brand":[],"product_cat":[15],"product_tag":[],"class_list":{"0":"post-851","1":"product","2":"type-product","3":"status-publish","4":"has-post-thumbnail","6":"product_cat-uncategorized","8":"first","9":"instock","10":"shipping-taxable","11":"purchasable","12":"product-type-simple"},"_links":{"self":[{"href":"https:\/\/lalka.boutique\/index.php\/wp-json\/wp\/v2\/product\/851","targetHints":{"allow":["GET"]}}],"collection":[{"href":"https:\/\/lalka.boutique\/index.php\/wp-json\/wp\/v2\/product"}],"about":[{"href":"https:\/\/lalka.boutique\/index.php\/wp-json\/wp\/v2\/types\/product"}],"wp:featuredmedia":[{"embeddable":true,"href":"https:\/\/lalka.boutique\/index.php\/wp-json\/wp\/v2\/media\/850"}],"wp:attachment":[{"href":"https:\/\/lalka.boutique\/index.php\/wp-json\/wp\/v2\/media?parent=851"}],"wp:term":[{"taxonomy":"product_brand","embeddable":true,"href":"https:\/\/lalka.boutique\/index.php\/wp-json\/wp\/v2\/product_brand?post=851"},{"taxonomy":"product_cat","embeddable":true,"href":"https:\/\/lalka.boutique\/index.php\/wp-json\/wp\/v2\/product_cat?post=851"},{"taxonomy":"product_tag","embeddable":true,"href":"https:\/\/lalka.boutique\/index.php\/wp-json\/wp\/v2\/product_tag?post=851"}],"curies":[{"name":"wp","href":"https:\/\/api.w.org\/{rel}","templated":true}]}}