{"id":853,"date":"2025-11-27T23:03:14","date_gmt":"2025-11-27T22:03:14","guid":{"rendered":"https:\/\/lalka.boutique\/index.php\/product\/protection-u-v-corps-spf-25\/"},"modified":"2025-11-27T23:03:14","modified_gmt":"2025-11-27T22:03:14","slug":"protection-u-v-corps-spf-25","status":"publish","type":"product","link":"https:\/\/lalka.boutique\/index.php\/product\/protection-u-v-corps-spf-25\/","title":{"rendered":"Protection U.v. Corps Spf 25"},"content":{"rendered":"","protected":false},"excerpt":{"rendered":"<p>Protection U.V. Corps SPF 25 skutecznie chroni sk\u00f3r\u0119 przed s\u0142o\u0144cem dzi\u0119ki po\u0142\u0105czeniu ca\u0142kowicie naturalnych filtr\u00f3w. Technologia Triple Shield Complex\u00a9 zapewnia pe\u0142n\u0105 ochron\u0119, zabezpieczaj\u0105c nask\u00f3rek przed wszystkimi rodzajami promieniowania [UVA + UVB + \u015bwiat\u0142o widzialne + podczerwie\u0144]. Sk\u00f3ra jest nawil\u017cona i zabezpieczona przed utrat\u0105 wody wywo\u0142an\u0105 przez zbyt d\u0142ugie przebywanie na s\u0142o\u0144cu. Wodoodporny i fotostabilny. Przetestowany dermatologicznie.<\/p>\n","protected":false},"featured_media":852,"template":"","meta":[],"product_brand":[],"product_cat":[15],"product_tag":[],"class_list":{"0":"post-853","1":"product","2":"type-product","3":"status-publish","4":"has-post-thumbnail","6":"product_cat-uncategorized","8":"first","9":"instock","10":"shipping-taxable","11":"purchasable","12":"product-type-simple"},"_links":{"self":[{"href":"https:\/\/lalka.boutique\/index.php\/wp-json\/wp\/v2\/product\/853","targetHints":{"allow":["GET"]}}],"collection":[{"href":"https:\/\/lalka.boutique\/index.php\/wp-json\/wp\/v2\/product"}],"about":[{"href":"https:\/\/lalka.boutique\/index.php\/wp-json\/wp\/v2\/types\/product"}],"wp:featuredmedia":[{"embeddable":true,"href":"https:\/\/lalka.boutique\/index.php\/wp-json\/wp\/v2\/media\/852"}],"wp:attachment":[{"href":"https:\/\/lalka.boutique\/index.php\/wp-json\/wp\/v2\/media?parent=853"}],"wp:term":[{"taxonomy":"product_brand","embeddable":true,"href":"https:\/\/lalka.boutique\/index.php\/wp-json\/wp\/v2\/product_brand?post=853"},{"taxonomy":"product_cat","embeddable":true,"href":"https:\/\/lalka.boutique\/index.php\/wp-json\/wp\/v2\/product_cat?post=853"},{"taxonomy":"product_tag","embeddable":true,"href":"https:\/\/lalka.boutique\/index.php\/wp-json\/wp\/v2\/product_tag?post=853"}],"curies":[{"name":"wp","href":"https:\/\/api.w.org\/{rel}","templated":true}]}}