{"id":855,"date":"2025-11-27T23:03:18","date_gmt":"2025-11-27T22:03:18","guid":{"rendered":"https:\/\/lalka.boutique\/index.php\/product\/protection-u-v-corps-spf-50\/"},"modified":"2025-11-27T23:03:18","modified_gmt":"2025-11-27T22:03:18","slug":"protection-u-v-corps-spf-50","status":"publish","type":"product","link":"https:\/\/lalka.boutique\/index.php\/product\/protection-u-v-corps-spf-50\/","title":{"rendered":"Protection U.v. Corps Spf 50"},"content":{"rendered":"","protected":false},"excerpt":{"rendered":"<p>Protection U.V. Corps SPF 50 skutecznie chroni sk\u00f3r\u0119 przed s\u0142o\u0144cem dzi\u0119ki po\u0142\u0105czeniu ca\u0142kowicie naturalnych filtr\u00f3w. Technologia Triple Shield Complex\u00a9 zapewnia pe\u0142n\u0105 ochron\u0119, zabezpieczaj\u0105c nask\u00f3rek przed wszystkimi rodzajami promieniowania [UVA + UVB + \u015bwiat\u0142o widzialne + podczerwie\u0144]. Jego formu\u0142a bogata w nawil\u017caj\u0105ce i regeneruj\u0105ce sk\u0142adniki aktywne zapobiega przedwczesnemu starzeniu si\u0119 sk\u00f3ry i utracie wody wywo\u0142anej przez promieniowanie. Wodoodporny i fotostabilny. Przetestowany dermatologicznie.<\/p>\n","protected":false},"featured_media":854,"template":"","meta":[],"product_brand":[],"product_cat":[15],"product_tag":[],"class_list":{"0":"post-855","1":"product","2":"type-product","3":"status-publish","4":"has-post-thumbnail","6":"product_cat-uncategorized","8":"first","9":"instock","10":"shipping-taxable","11":"purchasable","12":"product-type-simple"},"_links":{"self":[{"href":"https:\/\/lalka.boutique\/index.php\/wp-json\/wp\/v2\/product\/855","targetHints":{"allow":["GET"]}}],"collection":[{"href":"https:\/\/lalka.boutique\/index.php\/wp-json\/wp\/v2\/product"}],"about":[{"href":"https:\/\/lalka.boutique\/index.php\/wp-json\/wp\/v2\/types\/product"}],"wp:featuredmedia":[{"embeddable":true,"href":"https:\/\/lalka.boutique\/index.php\/wp-json\/wp\/v2\/media\/854"}],"wp:attachment":[{"href":"https:\/\/lalka.boutique\/index.php\/wp-json\/wp\/v2\/media?parent=855"}],"wp:term":[{"taxonomy":"product_brand","embeddable":true,"href":"https:\/\/lalka.boutique\/index.php\/wp-json\/wp\/v2\/product_brand?post=855"},{"taxonomy":"product_cat","embeddable":true,"href":"https:\/\/lalka.boutique\/index.php\/wp-json\/wp\/v2\/product_cat?post=855"},{"taxonomy":"product_tag","embeddable":true,"href":"https:\/\/lalka.boutique\/index.php\/wp-json\/wp\/v2\/product_tag?post=855"}],"curies":[{"name":"wp","href":"https:\/\/api.w.org\/{rel}","templated":true}]}}