{"id":857,"date":"2025-11-27T23:03:19","date_gmt":"2025-11-27T22:03:19","guid":{"rendered":"https:\/\/lalka.boutique\/index.php\/product\/protection-u-v-spf-50\/"},"modified":"2025-11-27T23:03:20","modified_gmt":"2025-11-27T22:03:20","slug":"protection-u-v-spf-50","status":"publish","type":"product","link":"https:\/\/lalka.boutique\/index.php\/product\/protection-u-v-spf-50\/","title":{"rendered":"Protection U.v. Spf 50"},"content":{"rendered":"","protected":false},"excerpt":{"rendered":"<p>Protection U.V. SPF 50 dzi\u0119ki po\u0142\u0105czeniu w 100% naturalnych filtr\u00f3w skutecznie chroni sk\u00f3r\u0119 przed uszkodzeniami powodowanymi przez s\u0142o\u0144ce. Triple Shield Complex\u00a9 koncentruje si\u0119 na ca\u0142ym spektrum promieniowania s\u0142onecznego [UVA + UVB + \u015bwiat\u0142o widzialne + podczerwie\u0144], aby zapewni\u0107 kompleksow\u0105 ochron\u0119 sk\u00f3ry. Po\u0142\u0105czenie sk\u0142adnik\u00f3w przeciwstarzeniowych i \u0142agodz\u0105cych chroni sk\u00f3r\u0119 przed fotostarzeniem. Wodoodporny. Fotostabilny. Testowany dermatologicznie.<\/p>\n","protected":false},"featured_media":856,"template":"","meta":[],"product_brand":[],"product_cat":[15],"product_tag":[],"class_list":{"0":"post-857","1":"product","2":"type-product","3":"status-publish","4":"has-post-thumbnail","6":"product_cat-uncategorized","8":"first","9":"instock","10":"shipping-taxable","11":"purchasable","12":"product-type-simple"},"_links":{"self":[{"href":"https:\/\/lalka.boutique\/index.php\/wp-json\/wp\/v2\/product\/857","targetHints":{"allow":["GET"]}}],"collection":[{"href":"https:\/\/lalka.boutique\/index.php\/wp-json\/wp\/v2\/product"}],"about":[{"href":"https:\/\/lalka.boutique\/index.php\/wp-json\/wp\/v2\/types\/product"}],"wp:featuredmedia":[{"embeddable":true,"href":"https:\/\/lalka.boutique\/index.php\/wp-json\/wp\/v2\/media\/856"}],"wp:attachment":[{"href":"https:\/\/lalka.boutique\/index.php\/wp-json\/wp\/v2\/media?parent=857"}],"wp:term":[{"taxonomy":"product_brand","embeddable":true,"href":"https:\/\/lalka.boutique\/index.php\/wp-json\/wp\/v2\/product_brand?post=857"},{"taxonomy":"product_cat","embeddable":true,"href":"https:\/\/lalka.boutique\/index.php\/wp-json\/wp\/v2\/product_cat?post=857"},{"taxonomy":"product_tag","embeddable":true,"href":"https:\/\/lalka.boutique\/index.php\/wp-json\/wp\/v2\/product_tag?post=857"}],"curies":[{"name":"wp","href":"https:\/\/api.w.org\/{rel}","templated":true}]}}