{"id":859,"date":"2025-11-27T23:03:20","date_gmt":"2025-11-27T22:03:20","guid":{"rendered":"https:\/\/lalka.boutique\/index.php\/product\/reparation-u-v\/"},"modified":"2025-11-27T23:03:21","modified_gmt":"2025-11-27T22:03:21","slug":"reparation-u-v","status":"publish","type":"product","link":"https:\/\/lalka.boutique\/index.php\/product\/reparation-u-v\/","title":{"rendered":"Reparation U.v."},"content":{"rendered":"","protected":false},"excerpt":{"rendered":"<p>Dzi\u0119ki formule bogatej w ro\u015blinne sk\u0142adniki aktywne o dzia\u0142aniu nawil\u017caj\u0105cym, relipiduj\u0105cym i \u0142agodz\u0105cym R\u00e9paration U.V. koi oraz regeneruje sk\u00f3r\u0119 po ekspozycji na s\u0142o\u0144ce. Produkt pomaga r\u00f3wnie\u017c spowolni\u0107 proces starzenia si\u0119 sk\u00f3ry poprzez zwalczanie wolnych rodnik\u00f3w.<\/p>\n","protected":false},"featured_media":858,"template":"","meta":[],"product_brand":[],"product_cat":[15],"product_tag":[],"class_list":{"0":"post-859","1":"product","2":"type-product","3":"status-publish","4":"has-post-thumbnail","6":"product_cat-uncategorized","8":"first","9":"instock","10":"shipping-taxable","11":"purchasable","12":"product-type-simple"},"_links":{"self":[{"href":"https:\/\/lalka.boutique\/index.php\/wp-json\/wp\/v2\/product\/859","targetHints":{"allow":["GET"]}}],"collection":[{"href":"https:\/\/lalka.boutique\/index.php\/wp-json\/wp\/v2\/product"}],"about":[{"href":"https:\/\/lalka.boutique\/index.php\/wp-json\/wp\/v2\/types\/product"}],"wp:featuredmedia":[{"embeddable":true,"href":"https:\/\/lalka.boutique\/index.php\/wp-json\/wp\/v2\/media\/858"}],"wp:attachment":[{"href":"https:\/\/lalka.boutique\/index.php\/wp-json\/wp\/v2\/media?parent=859"}],"wp:term":[{"taxonomy":"product_brand","embeddable":true,"href":"https:\/\/lalka.boutique\/index.php\/wp-json\/wp\/v2\/product_brand?post=859"},{"taxonomy":"product_cat","embeddable":true,"href":"https:\/\/lalka.boutique\/index.php\/wp-json\/wp\/v2\/product_cat?post=859"},{"taxonomy":"product_tag","embeddable":true,"href":"https:\/\/lalka.boutique\/index.php\/wp-json\/wp\/v2\/product_tag?post=859"}],"curies":[{"name":"wp","href":"https:\/\/api.w.org\/{rel}","templated":true}]}}