{"id":861,"date":"2025-11-27T23:03:22","date_gmt":"2025-11-27T22:03:22","guid":{"rendered":"https:\/\/lalka.boutique\/index.php\/product\/serum-3r\/"},"modified":"2025-11-27T23:03:22","modified_gmt":"2025-11-27T22:03:22","slug":"serum-3r","status":"publish","type":"product","link":"https:\/\/lalka.boutique\/index.php\/product\/serum-3r\/","title":{"rendered":"Serum 3R"},"content":{"rendered":"","protected":false},"excerpt":{"rendered":"<p>Serum o wielokierunkowym dzia\u0142aniu, kt\u00f3re uj\u0119drnia, delikatnie z\u0142uszcza i intensywnie wyg\u0142adza sk\u00f3r\u0119, poprawia jej struktur\u0119, rewitalizuje oraz regeneruje. To kompletna odpowied\u017a na potrzeby sk\u00f3ry dojrza\u0142ej, a tak\u017ce sk\u00f3ry, z widocznymi oznakami przedwczesnego starzenia, spowodowanych nadmiern\u0105 ekspozycj\u0105 na s\u0142o\u0144ce, przesuszeniem, czy niew\u0142a\u015bciwie dobran\u0105 piel\u0119gnacj\u0105 o niewystarczaj\u0105cym dzia\u0142aniu przeciwstarzeniowym.<\/p>\n","protected":false},"featured_media":860,"template":"","meta":[],"product_brand":[],"product_cat":[15],"product_tag":[],"class_list":{"0":"post-861","1":"product","2":"type-product","3":"status-publish","4":"has-post-thumbnail","6":"product_cat-uncategorized","8":"first","9":"instock","10":"shipping-taxable","11":"purchasable","12":"product-type-simple"},"_links":{"self":[{"href":"https:\/\/lalka.boutique\/index.php\/wp-json\/wp\/v2\/product\/861","targetHints":{"allow":["GET"]}}],"collection":[{"href":"https:\/\/lalka.boutique\/index.php\/wp-json\/wp\/v2\/product"}],"about":[{"href":"https:\/\/lalka.boutique\/index.php\/wp-json\/wp\/v2\/types\/product"}],"wp:featuredmedia":[{"embeddable":true,"href":"https:\/\/lalka.boutique\/index.php\/wp-json\/wp\/v2\/media\/860"}],"wp:attachment":[{"href":"https:\/\/lalka.boutique\/index.php\/wp-json\/wp\/v2\/media?parent=861"}],"wp:term":[{"taxonomy":"product_brand","embeddable":true,"href":"https:\/\/lalka.boutique\/index.php\/wp-json\/wp\/v2\/product_brand?post=861"},{"taxonomy":"product_cat","embeddable":true,"href":"https:\/\/lalka.boutique\/index.php\/wp-json\/wp\/v2\/product_cat?post=861"},{"taxonomy":"product_tag","embeddable":true,"href":"https:\/\/lalka.boutique\/index.php\/wp-json\/wp\/v2\/product_tag?post=861"}],"curies":[{"name":"wp","href":"https:\/\/api.w.org\/{rel}","templated":true}]}}