{"id":863,"date":"2025-11-27T23:03:22","date_gmt":"2025-11-27T22:03:22","guid":{"rendered":"https:\/\/lalka.boutique\/index.php\/product\/serum-a-glyca\/"},"modified":"2025-11-27T23:03:23","modified_gmt":"2025-11-27T22:03:23","slug":"serum-a-glyca","status":"publish","type":"product","link":"https:\/\/lalka.boutique\/index.php\/product\/serum-a-glyca\/","title":{"rendered":"Serum A-glyca"},"content":{"rendered":"","protected":false},"excerpt":{"rendered":"<p>S\u00e9rum A-Glyca zwalcza proces glikacji, kt\u00f3ry prowadzi do powstawania zmarszczek i starzenia si\u0119 sk\u00f3ry. Serum bogate w aktywne sk\u0142adniki przeciwdzia\u0142aj\u0105ce glikacji ma dzia\u0142anie zar\u00f3wno prewencyjne, jak i lecznicze, odwracaj\u0105c proces glikacji. Jest to doskona\u0142y sprzymierzeniec w walce ze starzeniem si\u0119 sk\u00f3ry, pomagaj\u0105cy zachowa\u0107 integralno\u015b\u0107 elastycznej sieci w\u0142\u00f3kien w celu spowolnienia oznak starzenia si\u0119.<\/p>\n","protected":false},"featured_media":862,"template":"","meta":[],"product_brand":[],"product_cat":[15],"product_tag":[],"class_list":{"0":"post-863","1":"product","2":"type-product","3":"status-publish","4":"has-post-thumbnail","6":"product_cat-uncategorized","8":"first","9":"instock","10":"shipping-taxable","11":"purchasable","12":"product-type-simple"},"_links":{"self":[{"href":"https:\/\/lalka.boutique\/index.php\/wp-json\/wp\/v2\/product\/863","targetHints":{"allow":["GET"]}}],"collection":[{"href":"https:\/\/lalka.boutique\/index.php\/wp-json\/wp\/v2\/product"}],"about":[{"href":"https:\/\/lalka.boutique\/index.php\/wp-json\/wp\/v2\/types\/product"}],"wp:featuredmedia":[{"embeddable":true,"href":"https:\/\/lalka.boutique\/index.php\/wp-json\/wp\/v2\/media\/862"}],"wp:attachment":[{"href":"https:\/\/lalka.boutique\/index.php\/wp-json\/wp\/v2\/media?parent=863"}],"wp:term":[{"taxonomy":"product_brand","embeddable":true,"href":"https:\/\/lalka.boutique\/index.php\/wp-json\/wp\/v2\/product_brand?post=863"},{"taxonomy":"product_cat","embeddable":true,"href":"https:\/\/lalka.boutique\/index.php\/wp-json\/wp\/v2\/product_cat?post=863"},{"taxonomy":"product_tag","embeddable":true,"href":"https:\/\/lalka.boutique\/index.php\/wp-json\/wp\/v2\/product_tag?post=863"}],"curies":[{"name":"wp","href":"https:\/\/api.w.org\/{rel}","templated":true}]}}