{"id":865,"date":"2025-11-27T23:03:23","date_gmt":"2025-11-27T22:03:23","guid":{"rendered":"https:\/\/lalka.boutique\/index.php\/product\/serum-biosensible\/"},"modified":"2025-11-27T23:03:23","modified_gmt":"2025-11-27T22:03:23","slug":"serum-biosensible","status":"publish","type":"product","link":"https:\/\/lalka.boutique\/index.php\/product\/serum-biosensible\/","title":{"rendered":"Serum Biosensible"},"content":{"rendered":"","protected":false},"excerpt":{"rendered":"<p>Serum Biosensible sk\u0142ada si\u0119 z 11 sk\u0142adnik\u00f3w aktywnych o dzia\u0142aniu koj\u0105cym. Dzi\u0119ki codziennemu stosowaniu tego produktu sk\u00f3ra staje si\u0119 wyj\u0105tkowo mi\u0119kka, a zaczerwienienie zmniejszone.<\/p>\n","protected":false},"featured_media":864,"template":"","meta":[],"product_brand":[],"product_cat":[15],"product_tag":[],"class_list":{"0":"post-865","1":"product","2":"type-product","3":"status-publish","4":"has-post-thumbnail","6":"product_cat-uncategorized","8":"first","9":"instock","10":"shipping-taxable","11":"purchasable","12":"product-type-simple"},"_links":{"self":[{"href":"https:\/\/lalka.boutique\/index.php\/wp-json\/wp\/v2\/product\/865","targetHints":{"allow":["GET"]}}],"collection":[{"href":"https:\/\/lalka.boutique\/index.php\/wp-json\/wp\/v2\/product"}],"about":[{"href":"https:\/\/lalka.boutique\/index.php\/wp-json\/wp\/v2\/types\/product"}],"wp:featuredmedia":[{"embeddable":true,"href":"https:\/\/lalka.boutique\/index.php\/wp-json\/wp\/v2\/media\/864"}],"wp:attachment":[{"href":"https:\/\/lalka.boutique\/index.php\/wp-json\/wp\/v2\/media?parent=865"}],"wp:term":[{"taxonomy":"product_brand","embeddable":true,"href":"https:\/\/lalka.boutique\/index.php\/wp-json\/wp\/v2\/product_brand?post=865"},{"taxonomy":"product_cat","embeddable":true,"href":"https:\/\/lalka.boutique\/index.php\/wp-json\/wp\/v2\/product_cat?post=865"},{"taxonomy":"product_tag","embeddable":true,"href":"https:\/\/lalka.boutique\/index.php\/wp-json\/wp\/v2\/product_tag?post=865"}],"curies":[{"name":"wp","href":"https:\/\/api.w.org\/{rel}","templated":true}]}}