{"id":867,"date":"2025-11-27T23:03:24","date_gmt":"2025-11-27T22:03:24","guid":{"rendered":"https:\/\/lalka.boutique\/index.php\/product\/serum-erythros\/"},"modified":"2025-11-27T23:03:24","modified_gmt":"2025-11-27T22:03:24","slug":"serum-erythros","status":"publish","type":"product","link":"https:\/\/lalka.boutique\/index.php\/product\/serum-erythros\/","title":{"rendered":"Serum Erythros"},"content":{"rendered":"","protected":false},"excerpt":{"rendered":"<p>Serum Erythros to po\u0142\u0105czenie siedmiu sk\u0142adnik\u00f3w aktywnych, kt\u00f3re zwalczaj\u0105 widoczne oznaki tr\u0105dziku r\u00f3\u017cowatego. Dzia\u0142aj\u0105 one wsp\u00f3lnie na trzech uzupe\u0142niaj\u0105cych si\u0119 p\u0142aszczyznach: widocznie zmniejszaj\u0105 zaczerwienienia, wzmacniaj\u0105 \u015bciany naczy\u0144 krwiono\u015bnych oraz \u0142agodz\u0105.<\/p>\n","protected":false},"featured_media":866,"template":"","meta":[],"product_brand":[],"product_cat":[15],"product_tag":[],"class_list":{"0":"post-867","1":"product","2":"type-product","3":"status-publish","4":"has-post-thumbnail","6":"product_cat-uncategorized","8":"first","9":"instock","10":"shipping-taxable","11":"purchasable","12":"product-type-simple"},"_links":{"self":[{"href":"https:\/\/lalka.boutique\/index.php\/wp-json\/wp\/v2\/product\/867","targetHints":{"allow":["GET"]}}],"collection":[{"href":"https:\/\/lalka.boutique\/index.php\/wp-json\/wp\/v2\/product"}],"about":[{"href":"https:\/\/lalka.boutique\/index.php\/wp-json\/wp\/v2\/types\/product"}],"wp:featuredmedia":[{"embeddable":true,"href":"https:\/\/lalka.boutique\/index.php\/wp-json\/wp\/v2\/media\/866"}],"wp:attachment":[{"href":"https:\/\/lalka.boutique\/index.php\/wp-json\/wp\/v2\/media?parent=867"}],"wp:term":[{"taxonomy":"product_brand","embeddable":true,"href":"https:\/\/lalka.boutique\/index.php\/wp-json\/wp\/v2\/product_brand?post=867"},{"taxonomy":"product_cat","embeddable":true,"href":"https:\/\/lalka.boutique\/index.php\/wp-json\/wp\/v2\/product_cat?post=867"},{"taxonomy":"product_tag","embeddable":true,"href":"https:\/\/lalka.boutique\/index.php\/wp-json\/wp\/v2\/product_tag?post=867"}],"curies":[{"name":"wp","href":"https:\/\/api.w.org\/{rel}","templated":true}]}}