{"id":873,"date":"2025-11-27T23:03:27","date_gmt":"2025-11-27T22:03:27","guid":{"rendered":"https:\/\/lalka.boutique\/index.php\/product\/serum-matriciel-visage\/"},"modified":"2025-11-27T23:03:28","modified_gmt":"2025-11-27T22:03:28","slug":"serum-matriciel-visage","status":"publish","type":"product","link":"https:\/\/lalka.boutique\/index.php\/product\/serum-matriciel-visage\/","title":{"rendered":"Serum Matriciel Visage"},"content":{"rendered":"","protected":false},"excerpt":{"rendered":"<p>Serum Matriciel Visage dedykowane jest jednemu z najwi\u0119kszych problem\u00f3w sk\u00f3ry, spadkowi j\u0119drno\u015bci, obwisaniu, zacieraniu si\u0119 kontur\u00f3w twarzy. Serum poprawia napi\u0119cie sk\u00f3ry, co jest odczuwalne zaraz po aplikacji. Odbudowuje struktur\u0119 w\u0142\u00f3kien kolagenowych i elastynowych. Ma dzia\u0142anie wype\u0142niaj\u0105ce, poprawia g\u0119sto\u015b\u0107 sk\u00f3ry (np. wype\u0142nia policzki). Zapobiega obwisaniu, widocznie poprawia owal. Wzmacnia nask\u00f3rek i poprawia og\u00f3ln\u0105 kondycj\u0119 sk\u00f3ry.<\/p>\n","protected":false},"featured_media":872,"template":"","meta":[],"product_brand":[],"product_cat":[15],"product_tag":[],"class_list":{"0":"post-873","1":"product","2":"type-product","3":"status-publish","4":"has-post-thumbnail","6":"product_cat-uncategorized","8":"first","9":"instock","10":"shipping-taxable","11":"purchasable","12":"product-type-simple"},"_links":{"self":[{"href":"https:\/\/lalka.boutique\/index.php\/wp-json\/wp\/v2\/product\/873","targetHints":{"allow":["GET"]}}],"collection":[{"href":"https:\/\/lalka.boutique\/index.php\/wp-json\/wp\/v2\/product"}],"about":[{"href":"https:\/\/lalka.boutique\/index.php\/wp-json\/wp\/v2\/types\/product"}],"wp:featuredmedia":[{"embeddable":true,"href":"https:\/\/lalka.boutique\/index.php\/wp-json\/wp\/v2\/media\/872"}],"wp:attachment":[{"href":"https:\/\/lalka.boutique\/index.php\/wp-json\/wp\/v2\/media?parent=873"}],"wp:term":[{"taxonomy":"product_brand","embeddable":true,"href":"https:\/\/lalka.boutique\/index.php\/wp-json\/wp\/v2\/product_brand?post=873"},{"taxonomy":"product_cat","embeddable":true,"href":"https:\/\/lalka.boutique\/index.php\/wp-json\/wp\/v2\/product_cat?post=873"},{"taxonomy":"product_tag","embeddable":true,"href":"https:\/\/lalka.boutique\/index.php\/wp-json\/wp\/v2\/product_tag?post=873"}],"curies":[{"name":"wp","href":"https:\/\/api.w.org\/{rel}","templated":true}]}}