{"id":879,"date":"2025-11-27T23:03:44","date_gmt":"2025-11-27T22:03:44","guid":{"rendered":"https:\/\/lalka.boutique\/index.php\/product\/serum-teinte-n1-c\/"},"modified":"2025-11-27T23:03:45","modified_gmt":"2025-11-27T22:03:45","slug":"serum-teinte-n1-c","status":"publish","type":"product","link":"https:\/\/lalka.boutique\/index.php\/product\/serum-teinte-n1-c\/","title":{"rendered":"S\u00e9rum Teinte N\u00b01 C"},"content":{"rendered":"","protected":false},"excerpt":{"rendered":"<p>Doskona\u0142e po\u0142\u0105czenie skuteczno\u015bci produkt\u00f3w do piel\u0119gnacji sk\u00f3ry z wyko\u0144czeniem makija\u017cu. To hybrydowe formu\u0142y 2 w 1 bogate w sk\u0142adniki aktywne o wielokierunkowym dzia\u0142aniu. Stanowi\u0105 zaawansowan\u0105 i d\u0142ugotrwa\u0142\u0105 piel\u0119gnacj\u0119, zapewniaj\u0105c jednocze\u015bnie natychmiastowe krycie niedoskona\u0142o\u015bci cery.<\/p>\n","protected":false},"featured_media":878,"template":"","meta":[],"product_brand":[],"product_cat":[15],"product_tag":[],"class_list":{"0":"post-879","1":"product","2":"type-product","3":"status-publish","4":"has-post-thumbnail","6":"product_cat-uncategorized","8":"first","9":"instock","10":"shipping-taxable","11":"purchasable","12":"product-type-simple"},"_links":{"self":[{"href":"https:\/\/lalka.boutique\/index.php\/wp-json\/wp\/v2\/product\/879","targetHints":{"allow":["GET"]}}],"collection":[{"href":"https:\/\/lalka.boutique\/index.php\/wp-json\/wp\/v2\/product"}],"about":[{"href":"https:\/\/lalka.boutique\/index.php\/wp-json\/wp\/v2\/types\/product"}],"wp:featuredmedia":[{"embeddable":true,"href":"https:\/\/lalka.boutique\/index.php\/wp-json\/wp\/v2\/media\/878"}],"wp:attachment":[{"href":"https:\/\/lalka.boutique\/index.php\/wp-json\/wp\/v2\/media?parent=879"}],"wp:term":[{"taxonomy":"product_brand","embeddable":true,"href":"https:\/\/lalka.boutique\/index.php\/wp-json\/wp\/v2\/product_brand?post=879"},{"taxonomy":"product_cat","embeddable":true,"href":"https:\/\/lalka.boutique\/index.php\/wp-json\/wp\/v2\/product_cat?post=879"},{"taxonomy":"product_tag","embeddable":true,"href":"https:\/\/lalka.boutique\/index.php\/wp-json\/wp\/v2\/product_tag?post=879"}],"curies":[{"name":"wp","href":"https:\/\/api.w.org\/{rel}","templated":true}]}}