{"id":891,"date":"2025-11-27T23:04:03","date_gmt":"2025-11-27T22:04:03","guid":{"rendered":"https:\/\/lalka.boutique\/index.php\/product\/serum-yallo2\/"},"modified":"2025-11-27T23:04:03","modified_gmt":"2025-11-27T22:04:03","slug":"serum-yallo2","status":"publish","type":"product","link":"https:\/\/lalka.boutique\/index.php\/product\/serum-yallo2\/","title":{"rendered":"Serum YALL~O2"},"content":{"rendered":"","protected":false},"excerpt":{"rendered":"<p>S\u00e9rum Yall-02 zawiera niezwykle wysokie st\u0119\u017cenie kwasu hialuronowego i antyoksydant\u00f3w. Zapewnia natychmiastowe nawil\u017cenie oraz przywraca optymalny poziom nawodnienia sk\u00f3ry. Widocznie redukuje zmarszczki spowodowane odwodnieniem.<\/p>\n","protected":false},"featured_media":890,"template":"","meta":[],"product_brand":[],"product_cat":[15],"product_tag":[],"class_list":{"0":"post-891","1":"product","2":"type-product","3":"status-publish","4":"has-post-thumbnail","6":"product_cat-uncategorized","8":"first","9":"instock","10":"shipping-taxable","11":"purchasable","12":"product-type-simple"},"_links":{"self":[{"href":"https:\/\/lalka.boutique\/index.php\/wp-json\/wp\/v2\/product\/891","targetHints":{"allow":["GET"]}}],"collection":[{"href":"https:\/\/lalka.boutique\/index.php\/wp-json\/wp\/v2\/product"}],"about":[{"href":"https:\/\/lalka.boutique\/index.php\/wp-json\/wp\/v2\/types\/product"}],"wp:featuredmedia":[{"embeddable":true,"href":"https:\/\/lalka.boutique\/index.php\/wp-json\/wp\/v2\/media\/890"}],"wp:attachment":[{"href":"https:\/\/lalka.boutique\/index.php\/wp-json\/wp\/v2\/media?parent=891"}],"wp:term":[{"taxonomy":"product_brand","embeddable":true,"href":"https:\/\/lalka.boutique\/index.php\/wp-json\/wp\/v2\/product_brand?post=891"},{"taxonomy":"product_cat","embeddable":true,"href":"https:\/\/lalka.boutique\/index.php\/wp-json\/wp\/v2\/product_cat?post=891"},{"taxonomy":"product_tag","embeddable":true,"href":"https:\/\/lalka.boutique\/index.php\/wp-json\/wp\/v2\/product_tag?post=891"}],"curies":[{"name":"wp","href":"https:\/\/api.w.org\/{rel}","templated":true}]}}