{"id":893,"date":"2025-11-27T23:04:04","date_gmt":"2025-11-27T22:04:04","guid":{"rendered":"https:\/\/lalka.boutique\/index.php\/product\/shampooing-traitant-dermo-apaisant\/"},"modified":"2025-11-27T23:04:04","modified_gmt":"2025-11-27T22:04:04","slug":"shampooing-traitant-dermo-apaisant","status":"publish","type":"product","link":"https:\/\/lalka.boutique\/index.php\/product\/shampooing-traitant-dermo-apaisant\/","title":{"rendered":"Shampooing Traitant Dermo-apaisant"},"content":{"rendered":"","protected":false},"excerpt":{"rendered":"<p>\u0141agodz\u0105cy szampon zmniejszaj\u0105cy wra\u017cliwo\u015b\u0107 sk\u00f3ry g\u0142owy, koi podra\u017cnienia i sw\u0119dzenie. Nie podra\u017cnia sk\u00f3ry ani oczu, osi\u0105gn\u0105\u0142 wynik 0 w skali si\u0142y podra\u017cnienia (wi\u0119kszo\u015b\u0107 szampon\u00f3w oceniana jest mi\u0119dzy 4 a 5).<br \/>\nProdukt idealnie nadaje si\u0119 do codziennego stosowania. Polecany do wra\u017cliwej i\/lub podra\u017cnionej sk\u00f3ry g\u0142owy oraz przy suchym \u0142upie\u017cu.<\/p>\n","protected":false},"featured_media":892,"template":"","meta":[],"product_brand":[],"product_cat":[15],"product_tag":[],"class_list":{"0":"post-893","1":"product","2":"type-product","3":"status-publish","4":"has-post-thumbnail","6":"product_cat-uncategorized","8":"first","9":"instock","10":"shipping-taxable","11":"purchasable","12":"product-type-simple"},"_links":{"self":[{"href":"https:\/\/lalka.boutique\/index.php\/wp-json\/wp\/v2\/product\/893","targetHints":{"allow":["GET"]}}],"collection":[{"href":"https:\/\/lalka.boutique\/index.php\/wp-json\/wp\/v2\/product"}],"about":[{"href":"https:\/\/lalka.boutique\/index.php\/wp-json\/wp\/v2\/types\/product"}],"wp:featuredmedia":[{"embeddable":true,"href":"https:\/\/lalka.boutique\/index.php\/wp-json\/wp\/v2\/media\/892"}],"wp:attachment":[{"href":"https:\/\/lalka.boutique\/index.php\/wp-json\/wp\/v2\/media?parent=893"}],"wp:term":[{"taxonomy":"product_brand","embeddable":true,"href":"https:\/\/lalka.boutique\/index.php\/wp-json\/wp\/v2\/product_brand?post=893"},{"taxonomy":"product_cat","embeddable":true,"href":"https:\/\/lalka.boutique\/index.php\/wp-json\/wp\/v2\/product_cat?post=893"},{"taxonomy":"product_tag","embeddable":true,"href":"https:\/\/lalka.boutique\/index.php\/wp-json\/wp\/v2\/product_tag?post=893"}],"curies":[{"name":"wp","href":"https:\/\/api.w.org\/{rel}","templated":true}]}}