{"id":895,"date":"2025-11-27T23:04:05","date_gmt":"2025-11-27T22:04:05","guid":{"rendered":"https:\/\/lalka.boutique\/index.php\/product\/shampooing-traitant-sebo-reequilibrant\/"},"modified":"2025-11-27T23:04:06","modified_gmt":"2025-11-27T22:04:06","slug":"shampooing-traitant-sebo-reequilibrant","status":"publish","type":"product","link":"https:\/\/lalka.boutique\/index.php\/product\/shampooing-traitant-sebo-reequilibrant\/","title":{"rendered":"Shampooing Traitant Sebo-reequilibrant"},"content":{"rendered":"","protected":false},"excerpt":{"rendered":"<p>Seboreguluj\u0105cy szampon oczyszczaj\u0105cy, \u0142\u0105czy skuteczn\u0105 piel\u0119gnacj\u0119 w\u0142os\u00f3w z delikatn\u0105 formu\u0142\u0105 odpowiedni\u0105 r\u00f3wnie\u017c do wra\u017cliwej sk\u00f3ry g\u0142owy. Zmniejsza \u0142ojotok i detoksykuje, idealny przy t\u0142ustym \u0142upie\u017cu.<\/p>\n","protected":false},"featured_media":894,"template":"","meta":[],"product_brand":[],"product_cat":[15],"product_tag":[],"class_list":{"0":"post-895","1":"product","2":"type-product","3":"status-publish","4":"has-post-thumbnail","6":"product_cat-uncategorized","8":"first","9":"instock","10":"shipping-taxable","11":"purchasable","12":"product-type-simple"},"_links":{"self":[{"href":"https:\/\/lalka.boutique\/index.php\/wp-json\/wp\/v2\/product\/895","targetHints":{"allow":["GET"]}}],"collection":[{"href":"https:\/\/lalka.boutique\/index.php\/wp-json\/wp\/v2\/product"}],"about":[{"href":"https:\/\/lalka.boutique\/index.php\/wp-json\/wp\/v2\/types\/product"}],"wp:featuredmedia":[{"embeddable":true,"href":"https:\/\/lalka.boutique\/index.php\/wp-json\/wp\/v2\/media\/894"}],"wp:attachment":[{"href":"https:\/\/lalka.boutique\/index.php\/wp-json\/wp\/v2\/media?parent=895"}],"wp:term":[{"taxonomy":"product_brand","embeddable":true,"href":"https:\/\/lalka.boutique\/index.php\/wp-json\/wp\/v2\/product_brand?post=895"},{"taxonomy":"product_cat","embeddable":true,"href":"https:\/\/lalka.boutique\/index.php\/wp-json\/wp\/v2\/product_cat?post=895"},{"taxonomy":"product_tag","embeddable":true,"href":"https:\/\/lalka.boutique\/index.php\/wp-json\/wp\/v2\/product_tag?post=895"}],"curies":[{"name":"wp","href":"https:\/\/api.w.org\/{rel}","templated":true}]}}