{"id":897,"date":"2025-11-27T23:04:07","date_gmt":"2025-11-27T22:04:07","guid":{"rendered":"https:\/\/lalka.boutique\/index.php\/product\/shampooing-traitant-vip-o2\/"},"modified":"2025-11-27T23:04:07","modified_gmt":"2025-11-27T22:04:07","slug":"shampooing-traitant-vip-o2","status":"publish","type":"product","link":"https:\/\/lalka.boutique\/index.php\/product\/shampooing-traitant-vip-o2\/","title":{"rendered":"Shampooing Traitant Vip O2"},"content":{"rendered":"","protected":false},"excerpt":{"rendered":"<p>Delikatnie, ale skutecznie oczyszcza sk\u00f3r\u0119 g\u0142owy i w\u0142osy. Zawiera Kompleks Dotleniaj\u0105cy, kt\u00f3ry stymuluje oddychanie kom\u00f3rkowe. Doskonale sprawdza si\u0119 w przypadku w\u0142os\u00f3w farbowanych oraz zniszczonych. Przywraca blask oraz witalno\u015b\u0107.<\/p>\n","protected":false},"featured_media":896,"template":"","meta":[],"product_brand":[],"product_cat":[15],"product_tag":[],"class_list":{"0":"post-897","1":"product","2":"type-product","3":"status-publish","4":"has-post-thumbnail","6":"product_cat-uncategorized","8":"first","9":"instock","10":"shipping-taxable","11":"purchasable","12":"product-type-simple"},"_links":{"self":[{"href":"https:\/\/lalka.boutique\/index.php\/wp-json\/wp\/v2\/product\/897","targetHints":{"allow":["GET"]}}],"collection":[{"href":"https:\/\/lalka.boutique\/index.php\/wp-json\/wp\/v2\/product"}],"about":[{"href":"https:\/\/lalka.boutique\/index.php\/wp-json\/wp\/v2\/types\/product"}],"wp:featuredmedia":[{"embeddable":true,"href":"https:\/\/lalka.boutique\/index.php\/wp-json\/wp\/v2\/media\/896"}],"wp:attachment":[{"href":"https:\/\/lalka.boutique\/index.php\/wp-json\/wp\/v2\/media?parent=897"}],"wp:term":[{"taxonomy":"product_brand","embeddable":true,"href":"https:\/\/lalka.boutique\/index.php\/wp-json\/wp\/v2\/product_brand?post=897"},{"taxonomy":"product_cat","embeddable":true,"href":"https:\/\/lalka.boutique\/index.php\/wp-json\/wp\/v2\/product_cat?post=897"},{"taxonomy":"product_tag","embeddable":true,"href":"https:\/\/lalka.boutique\/index.php\/wp-json\/wp\/v2\/product_tag?post=897"}],"curies":[{"name":"wp","href":"https:\/\/api.w.org\/{rel}","templated":true}]}}