{"id":899,"date":"2025-11-27T23:04:08","date_gmt":"2025-11-27T22:04:08","guid":{"rendered":"https:\/\/lalka.boutique\/index.php\/product\/silk-plus\/"},"modified":"2025-11-27T23:04:08","modified_gmt":"2025-11-27T22:04:08","slug":"silk-plus","status":"publish","type":"product","link":"https:\/\/lalka.boutique\/index.php\/product\/silk-plus\/","title":{"rendered":"Silk Plus"},"content":{"rendered":"","protected":false},"excerpt":{"rendered":"<p>Silk Plus to eliksir nadaj\u0105cy sk\u00f3rze wyj\u0105tkow\u0105 mi\u0119kko\u015b\u0107. Normalizuje cer\u0119 sk\u0142onn\u0105 do przet\u0142uszczania, zapewniaj\u0105c jej matowe wyko\u0144czenie, utrzymuj\u0105ce si\u0119 przez ca\u0142y dzie\u0144. Wyj\u0105tkowa formu\u0142a eliksiru \u0142agodzi podra\u017cnienia i tworzy na powierzchni nask\u00f3rka film chroni\u0105cy sk\u00f3r\u0119 przed negatywnym wp\u0142ywem wolnych rodnik\u00f3w. Cera nabiera promiennego wygl\u0105du, staje si\u0119 roz\u015bwietlona dzi\u0119ki naturalnemu efektowi odbicia i rozproszenia \u015bwiat\u0142a, dodaj\u0105c sk\u00f3rze wyj\u0105tkowego blasku.<\/p>\n","protected":false},"featured_media":898,"template":"","meta":[],"product_brand":[],"product_cat":[15],"product_tag":[],"class_list":{"0":"post-899","1":"product","2":"type-product","3":"status-publish","4":"has-post-thumbnail","6":"product_cat-uncategorized","8":"first","9":"instock","10":"shipping-taxable","11":"purchasable","12":"product-type-simple"},"_links":{"self":[{"href":"https:\/\/lalka.boutique\/index.php\/wp-json\/wp\/v2\/product\/899","targetHints":{"allow":["GET"]}}],"collection":[{"href":"https:\/\/lalka.boutique\/index.php\/wp-json\/wp\/v2\/product"}],"about":[{"href":"https:\/\/lalka.boutique\/index.php\/wp-json\/wp\/v2\/types\/product"}],"wp:featuredmedia":[{"embeddable":true,"href":"https:\/\/lalka.boutique\/index.php\/wp-json\/wp\/v2\/media\/898"}],"wp:attachment":[{"href":"https:\/\/lalka.boutique\/index.php\/wp-json\/wp\/v2\/media?parent=899"}],"wp:term":[{"taxonomy":"product_brand","embeddable":true,"href":"https:\/\/lalka.boutique\/index.php\/wp-json\/wp\/v2\/product_brand?post=899"},{"taxonomy":"product_cat","embeddable":true,"href":"https:\/\/lalka.boutique\/index.php\/wp-json\/wp\/v2\/product_cat?post=899"},{"taxonomy":"product_tag","embeddable":true,"href":"https:\/\/lalka.boutique\/index.php\/wp-json\/wp\/v2\/product_tag?post=899"}],"curies":[{"name":"wp","href":"https:\/\/api.w.org\/{rel}","templated":true}]}}