{"id":901,"date":"2025-11-27T23:04:09","date_gmt":"2025-11-27T22:04:09","guid":{"rendered":"https:\/\/lalka.boutique\/index.php\/product\/solution-demaquillante-pour-les-yeux\/"},"modified":"2025-11-27T23:04:09","modified_gmt":"2025-11-27T22:04:09","slug":"solution-demaquillante-pour-les-yeux","status":"publish","type":"product","link":"https:\/\/lalka.boutique\/index.php\/product\/solution-demaquillante-pour-les-yeux\/","title":{"rendered":"Solution Demaquillante Pour Les Yeux"},"content":{"rendered":"","protected":false},"excerpt":{"rendered":"<p>Solution D\u00e9maquillante pour les Yeux natychmiastowo i wyj\u0105tkowo delikatnie usuwa makija\u017c, nawet ten wodoodporny. Jego niet\u0142usta formu\u0142a wzbogacona o nawil\u017caj\u0105ce sk\u0142adniki aktywne pomaga przywr\u00f3ci\u0107 nask\u00f3rkowi elastyczno\u015b\u0107 i \u0142agodzi uczucie dyskomfortu, nie podra\u017cniaj\u0105c nawet najdelikatniejszych Stan\u00f3w Sk\u00f3ry\u00a9. Sk\u00f3ra jest doskonale oczyszczona, mi\u0119kka i ukojona.<\/p>\n","protected":false},"featured_media":900,"template":"","meta":[],"product_brand":[],"product_cat":[15],"product_tag":[],"class_list":{"0":"post-901","1":"product","2":"type-product","3":"status-publish","4":"has-post-thumbnail","6":"product_cat-uncategorized","8":"first","9":"instock","10":"shipping-taxable","11":"purchasable","12":"product-type-simple"},"_links":{"self":[{"href":"https:\/\/lalka.boutique\/index.php\/wp-json\/wp\/v2\/product\/901","targetHints":{"allow":["GET"]}}],"collection":[{"href":"https:\/\/lalka.boutique\/index.php\/wp-json\/wp\/v2\/product"}],"about":[{"href":"https:\/\/lalka.boutique\/index.php\/wp-json\/wp\/v2\/types\/product"}],"wp:featuredmedia":[{"embeddable":true,"href":"https:\/\/lalka.boutique\/index.php\/wp-json\/wp\/v2\/media\/900"}],"wp:attachment":[{"href":"https:\/\/lalka.boutique\/index.php\/wp-json\/wp\/v2\/media?parent=901"}],"wp:term":[{"taxonomy":"product_brand","embeddable":true,"href":"https:\/\/lalka.boutique\/index.php\/wp-json\/wp\/v2\/product_brand?post=901"},{"taxonomy":"product_cat","embeddable":true,"href":"https:\/\/lalka.boutique\/index.php\/wp-json\/wp\/v2\/product_cat?post=901"},{"taxonomy":"product_tag","embeddable":true,"href":"https:\/\/lalka.boutique\/index.php\/wp-json\/wp\/v2\/product_tag?post=901"}],"curies":[{"name":"wp","href":"https:\/\/api.w.org\/{rel}","templated":true}]}}