{"id":903,"date":"2025-11-27T23:04:10","date_gmt":"2025-11-27T22:04:10","guid":{"rendered":"https:\/\/lalka.boutique\/index.php\/product\/toleskin-c\/"},"modified":"2025-11-27T23:04:10","modified_gmt":"2025-11-27T22:04:10","slug":"toleskin-c","status":"publish","type":"product","link":"https:\/\/lalka.boutique\/index.php\/product\/toleskin-c\/","title":{"rendered":"Toleskin [c]"},"content":{"rendered":"","protected":false},"excerpt":{"rendered":"<p>Toleskin [C] to intensywnie koj\u0105cy krem, kt\u00f3ry zmniejsza wra\u017cliwo\u015b\u0107 sk\u00f3ry, niweluje uczucie dyskomfortu i sw\u0119dzenia. Sk\u00f3ra nietolerancyjna charakteryzuje si\u0119 zaburzeniem mikroflory i budowy bariery ochronnej, kt\u00f3ra staje si\u0119 nieszczelna, przez co umo\u017cliwia przenikanie alergen\u00f3w i patogen\u00f3w do sk\u00f3ry. Formu\u0142a kremu pomaga przywr\u00f3ci\u0107 r\u00f3wnowag\u0119 mikroflory, zapobiegaj\u0105c nadmiernej reaktywno\u015bci sk\u00f3ry i przywracaj\u0105c jej integralno\u015b\u0107. Formu\u0142a, sk\u0142adaj\u0105ca si\u0119 z \u0142agodz\u0105cych i przeciwdzia\u0142aj\u0105cych zaczerwienieniom sk\u0142adnik\u00f3w aktywnych, \u0142agodzi podra\u017cnienia, ujednolica koloryt i niweluje uczucie dyskomfortu. Tekstura nask\u00f3rka jest mniej szorstka, zaczerwienienia zredukowane, a sk\u00f3ra zyskuje zdrowy wygl\u0105d. To ultraczysta formu\u0142a bez konserwant\u00f3w, produkowana w sterylnym \u015brodowisku i testowana pod kontrol\u0105 dermatologiczn\u0105.<\/p>\n","protected":false},"featured_media":902,"template":"","meta":[],"product_brand":[],"product_cat":[15],"product_tag":[],"class_list":{"0":"post-903","1":"product","2":"type-product","3":"status-publish","4":"has-post-thumbnail","6":"product_cat-uncategorized","8":"first","9":"instock","10":"shipping-taxable","11":"purchasable","12":"product-type-simple"},"_links":{"self":[{"href":"https:\/\/lalka.boutique\/index.php\/wp-json\/wp\/v2\/product\/903","targetHints":{"allow":["GET"]}}],"collection":[{"href":"https:\/\/lalka.boutique\/index.php\/wp-json\/wp\/v2\/product"}],"about":[{"href":"https:\/\/lalka.boutique\/index.php\/wp-json\/wp\/v2\/types\/product"}],"wp:featuredmedia":[{"embeddable":true,"href":"https:\/\/lalka.boutique\/index.php\/wp-json\/wp\/v2\/media\/902"}],"wp:attachment":[{"href":"https:\/\/lalka.boutique\/index.php\/wp-json\/wp\/v2\/media?parent=903"}],"wp:term":[{"taxonomy":"product_brand","embeddable":true,"href":"https:\/\/lalka.boutique\/index.php\/wp-json\/wp\/v2\/product_brand?post=903"},{"taxonomy":"product_cat","embeddable":true,"href":"https:\/\/lalka.boutique\/index.php\/wp-json\/wp\/v2\/product_cat?post=903"},{"taxonomy":"product_tag","embeddable":true,"href":"https:\/\/lalka.boutique\/index.php\/wp-json\/wp\/v2\/product_tag?post=903"}],"curies":[{"name":"wp","href":"https:\/\/api.w.org\/{rel}","templated":true}]}}