{"id":905,"date":"2025-11-27T23:04:11","date_gmt":"2025-11-27T22:04:11","guid":{"rendered":"https:\/\/lalka.boutique\/index.php\/product\/toleskin-m\/"},"modified":"2025-11-27T23:04:11","modified_gmt":"2025-11-27T22:04:11","slug":"toleskin-m","status":"publish","type":"product","link":"https:\/\/lalka.boutique\/index.php\/product\/toleskin-m\/","title":{"rendered":"Toleskin [m]"},"content":{"rendered":"","protected":false},"excerpt":{"rendered":"<p>Toleskin [M] to niezawodny sojusznik w walce z nadmiernie reaktywn\u0105 i wra\u017cliw\u0105 sk\u00f3r\u0105. Natychmiastowo \u0142agodzi nag\u0142e zaostrzenie zmian atopowych. Formu\u0142a zawiera wyci\u0105g z ro\u015bliny balonowej, sk\u0142adnik aktywny o wyj\u0105tkowych w\u0142a\u015bciwo\u015bciach koj\u0105cych sk\u00f3r\u0119. Zapewnia komfort nawet w przypadku znacznego pogorszenia kondycji cery. Toleskin [M] zawiera sk\u0142adniki relipiduj\u0105ce, dostarcza sk\u00f3rze niezb\u0119dnych kwas\u00f3w t\u0142uszczowych, aby ograniczy\u0107 transepidermaln\u0105 utrat\u0119 wody z nask\u00f3rka i wzmocni\u0107 barier\u0119 sk\u00f3rn\u0105. Natychmiastowo \u0142agodzi zaczerwienienia, koi i \u0142agodzi sk\u00f3r\u0119, kt\u00f3ra zyskuje witalno\u015b\u0107 i zdrowy wygl\u0105d. To ultraczysta formu\u0142a bez konserwant\u00f3w, produkowana w sterylnym \u015brodowisku i testowana pod kontrol\u0105 dermatologiczn\u0105.<\/p>\n","protected":false},"featured_media":904,"template":"","meta":[],"product_brand":[],"product_cat":[15],"product_tag":[],"class_list":{"0":"post-905","1":"product","2":"type-product","3":"status-publish","4":"has-post-thumbnail","6":"product_cat-uncategorized","8":"first","9":"instock","10":"shipping-taxable","11":"purchasable","12":"product-type-simple"},"_links":{"self":[{"href":"https:\/\/lalka.boutique\/index.php\/wp-json\/wp\/v2\/product\/905","targetHints":{"allow":["GET"]}}],"collection":[{"href":"https:\/\/lalka.boutique\/index.php\/wp-json\/wp\/v2\/product"}],"about":[{"href":"https:\/\/lalka.boutique\/index.php\/wp-json\/wp\/v2\/types\/product"}],"wp:featuredmedia":[{"embeddable":true,"href":"https:\/\/lalka.boutique\/index.php\/wp-json\/wp\/v2\/media\/904"}],"wp:attachment":[{"href":"https:\/\/lalka.boutique\/index.php\/wp-json\/wp\/v2\/media?parent=905"}],"wp:term":[{"taxonomy":"product_brand","embeddable":true,"href":"https:\/\/lalka.boutique\/index.php\/wp-json\/wp\/v2\/product_brand?post=905"},{"taxonomy":"product_cat","embeddable":true,"href":"https:\/\/lalka.boutique\/index.php\/wp-json\/wp\/v2\/product_cat?post=905"},{"taxonomy":"product_tag","embeddable":true,"href":"https:\/\/lalka.boutique\/index.php\/wp-json\/wp\/v2\/product_tag?post=905"}],"curies":[{"name":"wp","href":"https:\/\/api.w.org\/{rel}","templated":true}]}}