{"id":907,"date":"2025-11-27T23:04:12","date_gmt":"2025-11-27T22:04:12","guid":{"rendered":"https:\/\/lalka.boutique\/index.php\/product\/vg-tensil\/"},"modified":"2025-11-27T23:04:12","modified_gmt":"2025-11-27T22:04:12","slug":"vg-tensil","status":"publish","type":"product","link":"https:\/\/lalka.boutique\/index.php\/product\/vg-tensil\/","title":{"rendered":"Vg Tensil"},"content":{"rendered":"","protected":false},"excerpt":{"rendered":"<p>Intensywne serum napinaj\u0105ce do sk\u00f3ry os\u0142abionej, ze spadkiem j\u0119drno\u015bci i elastyczno\u015bci. Stymuluje odnow\u0119 kom\u00f3rkow\u0105, przeciwdzia\u0142a oznakom starzenia. Intensywnie nawil\u017ca, pobudza naturalne procesy regeneracyjne sk\u00f3ry, dzi\u0119ki czemu skutecznie liftinguje, przywraca elastyczno\u015b\u0107, wyg\u0142adza.<\/p>\n","protected":false},"featured_media":906,"template":"","meta":[],"product_brand":[],"product_cat":[15],"product_tag":[],"class_list":{"0":"post-907","1":"product","2":"type-product","3":"status-publish","4":"has-post-thumbnail","6":"product_cat-uncategorized","8":"first","9":"instock","10":"shipping-taxable","11":"purchasable","12":"product-type-simple"},"_links":{"self":[{"href":"https:\/\/lalka.boutique\/index.php\/wp-json\/wp\/v2\/product\/907","targetHints":{"allow":["GET"]}}],"collection":[{"href":"https:\/\/lalka.boutique\/index.php\/wp-json\/wp\/v2\/product"}],"about":[{"href":"https:\/\/lalka.boutique\/index.php\/wp-json\/wp\/v2\/types\/product"}],"wp:featuredmedia":[{"embeddable":true,"href":"https:\/\/lalka.boutique\/index.php\/wp-json\/wp\/v2\/media\/906"}],"wp:attachment":[{"href":"https:\/\/lalka.boutique\/index.php\/wp-json\/wp\/v2\/media?parent=907"}],"wp:term":[{"taxonomy":"product_brand","embeddable":true,"href":"https:\/\/lalka.boutique\/index.php\/wp-json\/wp\/v2\/product_brand?post=907"},{"taxonomy":"product_cat","embeddable":true,"href":"https:\/\/lalka.boutique\/index.php\/wp-json\/wp\/v2\/product_cat?post=907"},{"taxonomy":"product_tag","embeddable":true,"href":"https:\/\/lalka.boutique\/index.php\/wp-json\/wp\/v2\/product_tag?post=907"}],"curies":[{"name":"wp","href":"https:\/\/api.w.org\/{rel}","templated":true}]}}