{"id":909,"date":"2025-11-27T23:04:13","date_gmt":"2025-11-27T22:04:13","guid":{"rendered":"https:\/\/lalka.boutique\/index.php\/product\/amniotique-vg\/"},"modified":"2025-11-27T23:59:38","modified_gmt":"2025-11-27T22:59:38","slug":"amniotique-vg","status":"publish","type":"product","link":"https:\/\/lalka.boutique\/index.php\/product\/amniotique-vg\/","title":{"rendered":"Amniotique Vg"},"content":{"rendered":"","protected":false},"excerpt":{"rendered":"<p>Serum Amniotique VG jest niezwykle intensywnie nawil\u017caj\u0105cym produktem. Pomaga utrzyma\u0107 wysoki poziom nawodnienia sk\u00f3ry, co poprawia jej kondycj\u0119 i wygl\u0105d. Wsp\u00f3lne dzia\u0142anie sk\u0142adnik\u00f3w aktywnych niweluje odwodnienie, zapewniaj\u0105c d\u0142ugotrwa\u0142e dzia\u0142anie nawil\u017caj\u0105ce. Serum zapewnia ukojenie nawet w przypadku sk\u00f3ry mocno odwodnionej. Po u\u017cyciu cera staje si\u0119 g\u0142adka i nawil\u017cona.<\/p>\n","protected":false},"featured_media":908,"template":"","meta":[],"product_brand":[],"product_cat":[15],"product_tag":[],"class_list":{"0":"post-909","1":"product","2":"type-product","3":"status-publish","4":"has-post-thumbnail","6":"product_cat-uncategorized","8":"first","9":"instock","10":"shipping-taxable","11":"purchasable","12":"product-type-simple"},"_links":{"self":[{"href":"https:\/\/lalka.boutique\/index.php\/wp-json\/wp\/v2\/product\/909","targetHints":{"allow":["GET"]}}],"collection":[{"href":"https:\/\/lalka.boutique\/index.php\/wp-json\/wp\/v2\/product"}],"about":[{"href":"https:\/\/lalka.boutique\/index.php\/wp-json\/wp\/v2\/types\/product"}],"wp:featuredmedia":[{"embeddable":true,"href":"https:\/\/lalka.boutique\/index.php\/wp-json\/wp\/v2\/media\/908"}],"wp:attachment":[{"href":"https:\/\/lalka.boutique\/index.php\/wp-json\/wp\/v2\/media?parent=909"}],"wp:term":[{"taxonomy":"product_brand","embeddable":true,"href":"https:\/\/lalka.boutique\/index.php\/wp-json\/wp\/v2\/product_brand?post=909"},{"taxonomy":"product_cat","embeddable":true,"href":"https:\/\/lalka.boutique\/index.php\/wp-json\/wp\/v2\/product_cat?post=909"},{"taxonomy":"product_tag","embeddable":true,"href":"https:\/\/lalka.boutique\/index.php\/wp-json\/wp\/v2\/product_tag?post=909"}],"curies":[{"name":"wp","href":"https:\/\/api.w.org\/{rel}","templated":true}]}}