{"id":913,"date":"2025-11-27T23:04:18","date_gmt":"2025-11-27T22:04:18","guid":{"rendered":"https:\/\/lalka.boutique\/index.php\/product\/masque-dermo-apaisant\/"},"modified":"2025-11-27T23:04:18","modified_gmt":"2025-11-27T22:04:18","slug":"masque-dermo-apaisant","status":"publish","type":"product","link":"https:\/\/lalka.boutique\/index.php\/product\/masque-dermo-apaisant\/","title":{"rendered":"Masque Dermo-apaisant"},"content":{"rendered":"","protected":false},"excerpt":{"rendered":"<p>Masque Dermo-Apaisant natychmiast \u0142agodzi i znacznie zmniejsza reaktywno\u015b\u0107 suchej sk\u00f3ry g\u0142owy. Regeneruje i zmniejsza uczucie dyskomfortu. Przywraca r\u00f3wnowag\u0119 sk\u00f3rze g\u0142owy, dzi\u0119ki czemu w\u0142osy staj\u0105 si\u0119 mi\u0119kkie, l\u015bni\u0105ce i elastyczne.<\/p>\n","protected":false},"featured_media":912,"template":"","meta":[],"product_brand":[],"product_cat":[15],"product_tag":[],"class_list":{"0":"post-913","1":"product","2":"type-product","3":"status-publish","4":"has-post-thumbnail","6":"product_cat-uncategorized","8":"first","9":"instock","10":"shipping-taxable","11":"purchasable","12":"product-type-simple"},"_links":{"self":[{"href":"https:\/\/lalka.boutique\/index.php\/wp-json\/wp\/v2\/product\/913","targetHints":{"allow":["GET"]}}],"collection":[{"href":"https:\/\/lalka.boutique\/index.php\/wp-json\/wp\/v2\/product"}],"about":[{"href":"https:\/\/lalka.boutique\/index.php\/wp-json\/wp\/v2\/types\/product"}],"wp:featuredmedia":[{"embeddable":true,"href":"https:\/\/lalka.boutique\/index.php\/wp-json\/wp\/v2\/media\/912"}],"wp:attachment":[{"href":"https:\/\/lalka.boutique\/index.php\/wp-json\/wp\/v2\/media?parent=913"}],"wp:term":[{"taxonomy":"product_brand","embeddable":true,"href":"https:\/\/lalka.boutique\/index.php\/wp-json\/wp\/v2\/product_brand?post=913"},{"taxonomy":"product_cat","embeddable":true,"href":"https:\/\/lalka.boutique\/index.php\/wp-json\/wp\/v2\/product_cat?post=913"},{"taxonomy":"product_tag","embeddable":true,"href":"https:\/\/lalka.boutique\/index.php\/wp-json\/wp\/v2\/product_tag?post=913"}],"curies":[{"name":"wp","href":"https:\/\/api.w.org\/{rel}","templated":true}]}}