{"id":915,"date":"2025-11-27T23:04:19","date_gmt":"2025-11-27T22:04:19","guid":{"rendered":"https:\/\/lalka.boutique\/index.php\/product\/expert-eyes\/"},"modified":"2025-11-27T23:04:19","modified_gmt":"2025-11-27T22:04:19","slug":"expert-eyes","status":"publish","type":"product","link":"https:\/\/lalka.boutique\/index.php\/product\/expert-eyes\/","title":{"rendered":"Expert Eyes"},"content":{"rendered":"","protected":false},"excerpt":{"rendered":"<p>Expert Eyes zapewnia kompleksow\u0105 piel\u0119gnacj\u0119 brwi i rz\u0119s, zag\u0119szczaj\u0105c je i wyd\u0142u\u017caj\u0105c. Od\u017cywka wykazuje dzia\u0142anie wzmacniaj\u0105ce i zag\u0119szczaj\u0105ce oraz stymuluje wzrost brwi i rz\u0119s, zapewniaj\u0105c widoczne rezultaty wyd\u0142u\u017cenia rz\u0119s po 14 dniach oraz zag\u0119szczenia brwi po 28 dniach stosowania produktu dwa razy dziennie.<\/p>\n","protected":false},"featured_media":914,"template":"","meta":[],"product_brand":[],"product_cat":[15],"product_tag":[],"class_list":{"0":"post-915","1":"product","2":"type-product","3":"status-publish","4":"has-post-thumbnail","6":"product_cat-uncategorized","8":"first","9":"instock","10":"shipping-taxable","11":"purchasable","12":"product-type-simple"},"_links":{"self":[{"href":"https:\/\/lalka.boutique\/index.php\/wp-json\/wp\/v2\/product\/915","targetHints":{"allow":["GET"]}}],"collection":[{"href":"https:\/\/lalka.boutique\/index.php\/wp-json\/wp\/v2\/product"}],"about":[{"href":"https:\/\/lalka.boutique\/index.php\/wp-json\/wp\/v2\/types\/product"}],"wp:featuredmedia":[{"embeddable":true,"href":"https:\/\/lalka.boutique\/index.php\/wp-json\/wp\/v2\/media\/914"}],"wp:attachment":[{"href":"https:\/\/lalka.boutique\/index.php\/wp-json\/wp\/v2\/media?parent=915"}],"wp:term":[{"taxonomy":"product_brand","embeddable":true,"href":"https:\/\/lalka.boutique\/index.php\/wp-json\/wp\/v2\/product_brand?post=915"},{"taxonomy":"product_cat","embeddable":true,"href":"https:\/\/lalka.boutique\/index.php\/wp-json\/wp\/v2\/product_cat?post=915"},{"taxonomy":"product_tag","embeddable":true,"href":"https:\/\/lalka.boutique\/index.php\/wp-json\/wp\/v2\/product_tag?post=915"}],"curies":[{"name":"wp","href":"https:\/\/api.w.org\/{rel}","templated":true}]}}