{"id":917,"date":"2025-11-27T23:04:20","date_gmt":"2025-11-27T22:04:20","guid":{"rendered":"https:\/\/lalka.boutique\/index.php\/product\/cible-pigm-400\/"},"modified":"2025-11-27T23:04:20","modified_gmt":"2025-11-27T22:04:20","slug":"cible-pigm-400","status":"publish","type":"product","link":"https:\/\/lalka.boutique\/index.php\/product\/cible-pigm-400\/","title":{"rendered":"Cible Pigm 400"},"content":{"rendered":"","protected":false},"excerpt":{"rendered":"<p>Cible PIGM 400 to specjalne serum rozja\u015bniaj\u0105ce przebarwienia na ciele. Dzi\u0119ki swojej specjalistycznej formule i lekkiej konsystencji, serum wspomaga przywr\u00f3ci\u0107 jednolity koloryt, jednocze\u015bnie koj\u0105c i od\u015bwie\u017caj\u0105c sk\u00f3r\u0119.<\/p>\n","protected":false},"featured_media":916,"template":"","meta":[],"product_brand":[],"product_cat":[15],"product_tag":[],"class_list":{"0":"post-917","1":"product","2":"type-product","3":"status-publish","4":"has-post-thumbnail","6":"product_cat-uncategorized","8":"first","9":"instock","10":"shipping-taxable","11":"purchasable","12":"product-type-simple"},"_links":{"self":[{"href":"https:\/\/lalka.boutique\/index.php\/wp-json\/wp\/v2\/product\/917","targetHints":{"allow":["GET"]}}],"collection":[{"href":"https:\/\/lalka.boutique\/index.php\/wp-json\/wp\/v2\/product"}],"about":[{"href":"https:\/\/lalka.boutique\/index.php\/wp-json\/wp\/v2\/types\/product"}],"wp:featuredmedia":[{"embeddable":true,"href":"https:\/\/lalka.boutique\/index.php\/wp-json\/wp\/v2\/media\/916"}],"wp:attachment":[{"href":"https:\/\/lalka.boutique\/index.php\/wp-json\/wp\/v2\/media?parent=917"}],"wp:term":[{"taxonomy":"product_brand","embeddable":true,"href":"https:\/\/lalka.boutique\/index.php\/wp-json\/wp\/v2\/product_brand?post=917"},{"taxonomy":"product_cat","embeddable":true,"href":"https:\/\/lalka.boutique\/index.php\/wp-json\/wp\/v2\/product_cat?post=917"},{"taxonomy":"product_tag","embeddable":true,"href":"https:\/\/lalka.boutique\/index.php\/wp-json\/wp\/v2\/product_tag?post=917"}],"curies":[{"name":"wp","href":"https:\/\/api.w.org\/{rel}","templated":true}]}}